{"id":2473,"date":"2026-02-27T14:30:31","date_gmt":"2026-02-27T14:30:31","guid":{"rendered":"https:\/\/lvplayersclub.lv\/?page_id=2473"},"modified":"2026-02-27T16:05:44","modified_gmt":"2026-02-27T16:05:44","slug":"terms-conditions","status":"publish","type":"page","link":"https:\/\/lvplayersclub.lv\/en\/terms-conditions\/","title":{"rendered":"Terms &amp; Conditions"},"content":{"rendered":"<div data-elementor-type=\"wp-page\" data-elementor-id=\"2473\" class=\"elementor elementor-2473\" data-elementor-post-type=\"page\">\n\t\t\t\t<div class=\"elementor-element elementor-element-4fc1f1f9 e-flex e-con-boxed e-con e-parent\" data-id=\"4fc1f1f9\" data-element_type=\"container\">\n\t\t\t\t\t<div class=\"e-con-inner\">\n\t\t\t\t<div class=\"elementor-element elementor-element-57411e1 elementor-widget elementor-widget-text-editor\" data-id=\"57411e1\" data-element_type=\"widget\" data-widget_type=\"text-editor.default\">\n\t\t\t\t<div class=\"elementor-widget-container\">\n\t\t\t\t\t\t\t\t\t<p data-start=\"142\" data-end=\"255\">Welcome to our website.<br data-start=\"175\" data-end=\"178\" \/>By using this website, you agree to comply with these Terms &amp; Conditions.<\/p>\n<h2 data-start=\"257\" data-end=\"285\">1. Use of the Website<\/h2>\n<p data-start=\"286\" data-end=\"461\">You may use this website only for lawful purposes. You must not post, transmit, or distribute any content that is illegal, harmful, offensive, or infringes upon the rights of third parties.<\/p>\n<h2 data-start=\"463\" data-end=\"484\">2. Intellectual Property<\/h2>\n<p data-start=\"485\" data-end=\"725\">All content published on this website, including but not limited to text, images, design, graphics, and logos, is the property of the website owner and is protected by applicable copyright laws. It may not be copied, reproduced, distributed, or used for commercial purposes without prior written permission.<\/p>\n<h2 data-start=\"727\" data-end=\"758\">3. Limitation of Liability<\/h2>\n<p data-start=\"759\" data-end=\"908\">We shall not be held liable for any direct or indirect damages or losses arising from the use of this website or reliance on the information provided herein.<\/p>\n<h2 data-start=\"910\" data-end=\"937\">4. Changes to Terms<\/h2>\n<p data-start=\"938\" data-end=\"1078\">We reserve the right to modify or update these Terms &amp; Conditions at any time. Any changes will become effective immediately upon publication on this page.<\/p>\n<h2 data-start=\"1080\" data-end=\"1113\">5. Governing Law<\/h2>\n<p data-start=\"1114\" data-end=\"1208\">These Terms &amp; Conditions are governed by and construed in accordance with the laws of the Republic of Latvia.<\/p>\t\t\t\t\t\t\t\t<\/div>\n\t\t\t\t<\/div>\n\t\t\t\t\t<\/div>\n\t\t\t\t<\/div>\n\t\t\t\t<\/div>","protected":false},"excerpt":{"rendered":"<p>Laipni l\u016bdzam m\u016bsu m\u0101jaslap\u0101!Izmantojot \u0161o m\u0101jaslapu, j\u016bs piekr\u012btat iev\u0113rot \u0161os Noteikumus un nosac\u012bjumus. 1. M\u0101jaslapas lieto\u0161ana J\u016bs dr\u012bkstat izmantot \u0161o m\u0101jaslapu tikai likum\u012bgiem m\u0113r\u0137iem. Aizliegts public\u0113t vai p\u0101rs\u016bt\u012bt saturu, kas ir nelikum\u012bgs, kait\u012bgs, aizskaro\u0161s vai p\u0101rk\u0101pj tre\u0161o personu ties\u012bbas. 2. Autorties\u012bbas Viss m\u0101jaslap\u0101 public\u0113tais saturs, tostarp teksts, att\u0113li, dizains un logotipi, ir m\u0101jaslapas \u012bpa\u0161nieka \u012bpa\u0161ums [&hellip;]<\/p>","protected":false},"author":3,"featured_media":0,"parent":0,"menu_order":0,"comment_status":"closed","ping_status":"closed","template":"","meta":{"footnotes":""},"class_list":["post-2473","page","type-page","status-publish","hentry"],"acf":[],"yoast_head":"<!-- This site is optimized with the Yoast SEO plugin v24.6 - https:\/\/yoast.com\/wordpress\/plugins\/seo\/ -->\n<title>Noteikumi un nosac\u012bjumi | Players Club LV<\/title>\n<meta name=\"robots\" content=\"index, follow, max-snippet:-1, max-image-preview:large, max-video-preview:-1\" \/>\n<link rel=\"canonical\" href=\"https:\/\/lvplayersclub.lv\/en\/terms-conditions\/\" \/>\n<meta property=\"og:locale\" content=\"en_GB\" \/>\n<meta property=\"og:type\" content=\"article\" \/>\n<meta property=\"og:title\" content=\"Noteikumi un nosac\u012bjumi | Players Club LV\" \/>\n<meta property=\"og:description\" content=\"Laipni l\u016bdzam m\u016bsu m\u0101jaslap\u0101!Izmantojot \u0161o m\u0101jaslapu, j\u016bs piekr\u012btat iev\u0113rot \u0161os Noteikumus un nosac\u012bjumus. 1. M\u0101jaslapas lieto\u0161ana J\u016bs dr\u012bkstat izmantot \u0161o m\u0101jaslapu tikai likum\u012bgiem m\u0113r\u0137iem. Aizliegts public\u0113t vai p\u0101rs\u016bt\u012bt saturu, kas ir nelikum\u012bgs, kait\u012bgs, aizskaro\u0161s vai p\u0101rk\u0101pj tre\u0161o personu ties\u012bbas. 2. Autorties\u012bbas Viss m\u0101jaslap\u0101 public\u0113tais saturs, tostarp teksts, att\u0113li, dizains un logotipi, ir m\u0101jaslapas \u012bpa\u0161nieka \u012bpa\u0161ums [&hellip;]\" \/>\n<meta property=\"og:url\" content=\"https:\/\/lvplayersclub.lv\/en\/terms-conditions\/\" \/>\n<meta property=\"og:site_name\" content=\"Players Club LV\" \/>\n<meta property=\"article:publisher\" content=\"https:\/\/www.facebook.com\/playersclublv\" \/>\n<meta property=\"article:modified_time\" content=\"2026-02-27T16:05:44+00:00\" \/>\n<meta property=\"og:image\" content=\"https:\/\/lvplayersclub.lv\/wp-content\/uploads\/2024\/01\/402904778_122098336058123623_4201563738749174389_n.jpg\" \/>\n\t<meta property=\"og:image:width\" content=\"1924\" \/>\n\t<meta property=\"og:image:height\" content=\"1783\" \/>\n\t<meta property=\"og:image:type\" content=\"image\/jpeg\" \/>\n<meta name=\"twitter:card\" content=\"summary_large_image\" \/>\n<meta name=\"twitter:label1\" content=\"Estimated reading time\" \/>\n\t<meta name=\"twitter:data1\" content=\"1 minute\" \/>\n<script type=\"application\/ld+json\" class=\"yoast-schema-graph\">{\"@context\":\"https:\/\/schema.org\",\"@graph\":[{\"@type\":\"WebPage\",\"@id\":\"https:\/\/lvplayersclub.lv\/terms-conditions\/\",\"url\":\"https:\/\/lvplayersclub.lv\/terms-conditions\/\",\"name\":\"Noteikumi un nosac\u012bjumi | Players Club LV\",\"isPartOf\":{\"@id\":\"https:\/\/lvplayersclub.lv\/en\/#website\"},\"datePublished\":\"2026-02-27T14:30:31+00:00\",\"dateModified\":\"2026-02-27T16:05:44+00:00\",\"breadcrumb\":{\"@id\":\"https:\/\/lvplayersclub.lv\/terms-conditions\/#breadcrumb\"},\"inLanguage\":\"en-GB\",\"potentialAction\":[{\"@type\":\"ReadAction\",\"target\":[\"https:\/\/lvplayersclub.lv\/terms-conditions\/\"]}]},{\"@type\":\"BreadcrumbList\",\"@id\":\"https:\/\/lvplayersclub.lv\/terms-conditions\/#breadcrumb\",\"itemListElement\":[{\"@type\":\"ListItem\",\"position\":1,\"name\":\"Home\",\"item\":\"https:\/\/lvplayersclub.lv\/\"},{\"@type\":\"ListItem\",\"position\":2,\"name\":\"Noteikumi un nosac\u012bjumi\"}]},{\"@type\":\"WebSite\",\"@id\":\"https:\/\/lvplayersclub.lv\/en\/#website\",\"url\":\"https:\/\/lvplayersclub.lv\/en\/\",\"name\":\"Players Club LV\",\"description\":\"LEVEL UP YOUR FUN\",\"publisher\":{\"@id\":\"https:\/\/lvplayersclub.lv\/en\/#organization\"},\"potentialAction\":[{\"@type\":\"SearchAction\",\"target\":{\"@type\":\"EntryPoint\",\"urlTemplate\":\"https:\/\/lvplayersclub.lv\/en\/?s={search_term_string}\"},\"query-input\":{\"@type\":\"PropertyValueSpecification\",\"valueRequired\":true,\"valueName\":\"search_term_string\"}}],\"inLanguage\":\"en-GB\"},{\"@type\":\"Organization\",\"@id\":\"https:\/\/lvplayersclub.lv\/en\/#organization\",\"name\":\"Players Club LV\",\"url\":\"https:\/\/lvplayersclub.lv\/en\/\",\"logo\":{\"@type\":\"ImageObject\",\"inLanguage\":\"en-GB\",\"@id\":\"https:\/\/lvplayersclub.lv\/en\/#\/schema\/logo\/image\/\",\"url\":\"https:\/\/lvplayersclub.lv\/wp-content\/uploads\/2024\/01\/402904778_122098336058123623_4201563738749174389_n.jpg\",\"contentUrl\":\"https:\/\/lvplayersclub.lv\/wp-content\/uploads\/2024\/01\/402904778_122098336058123623_4201563738749174389_n.jpg\",\"width\":1924,\"height\":1783,\"caption\":\"Players Club LV\"},\"image\":{\"@id\":\"https:\/\/lvplayersclub.lv\/en\/#\/schema\/logo\/image\/\"},\"sameAs\":[\"https:\/\/www.facebook.com\/playersclublv\",\"https:\/\/www.instagram.com\/players_club_lv\/\",\"https:\/\/www.tiktok.com\/@playersclub_lv\"]}]}<\/script>\n<!-- \/ Yoast SEO plugin. -->","yoast_head_json":{"title":"Noteikumi un nosac\u012bjumi | Players Club LV","robots":{"index":"index","follow":"follow","max-snippet":"max-snippet:-1","max-image-preview":"max-image-preview:large","max-video-preview":"max-video-preview:-1"},"canonical":"https:\/\/lvplayersclub.lv\/en\/terms-conditions\/","og_locale":"en_GB","og_type":"article","og_title":"Noteikumi un nosac\u012bjumi | Players Club LV","og_description":"Laipni l\u016bdzam m\u016bsu m\u0101jaslap\u0101!Izmantojot \u0161o m\u0101jaslapu, j\u016bs piekr\u012btat iev\u0113rot \u0161os Noteikumus un nosac\u012bjumus. 1. M\u0101jaslapas lieto\u0161ana J\u016bs dr\u012bkstat izmantot \u0161o m\u0101jaslapu tikai likum\u012bgiem m\u0113r\u0137iem. Aizliegts public\u0113t vai p\u0101rs\u016bt\u012bt saturu, kas ir nelikum\u012bgs, kait\u012bgs, aizskaro\u0161s vai p\u0101rk\u0101pj tre\u0161o personu ties\u012bbas. 2. Autorties\u012bbas Viss m\u0101jaslap\u0101 public\u0113tais saturs, tostarp teksts, att\u0113li, dizains un logotipi, ir m\u0101jaslapas \u012bpa\u0161nieka \u012bpa\u0161ums [&hellip;]","og_url":"https:\/\/lvplayersclub.lv\/en\/terms-conditions\/","og_site_name":"Players Club LV","article_publisher":"https:\/\/www.facebook.com\/playersclublv","article_modified_time":"2026-02-27T16:05:44+00:00","og_image":[{"width":1924,"height":1783,"url":"https:\/\/lvplayersclub.lv\/wp-content\/uploads\/2024\/01\/402904778_122098336058123623_4201563738749174389_n.jpg","type":"image\/jpeg"}],"twitter_card":"summary_large_image","twitter_misc":{"Estimated reading time":"1 minute"},"schema":{"@context":"https:\/\/schema.org","@graph":[{"@type":"WebPage","@id":"https:\/\/lvplayersclub.lv\/terms-conditions\/","url":"https:\/\/lvplayersclub.lv\/terms-conditions\/","name":"Noteikumi un nosac\u012bjumi | Players Club LV","isPartOf":{"@id":"https:\/\/lvplayersclub.lv\/en\/#website"},"datePublished":"2026-02-27T14:30:31+00:00","dateModified":"2026-02-27T16:05:44+00:00","breadcrumb":{"@id":"https:\/\/lvplayersclub.lv\/terms-conditions\/#breadcrumb"},"inLanguage":"en-GB","potentialAction":[{"@type":"ReadAction","target":["https:\/\/lvplayersclub.lv\/terms-conditions\/"]}]},{"@type":"BreadcrumbList","@id":"https:\/\/lvplayersclub.lv\/terms-conditions\/#breadcrumb","itemListElement":[{"@type":"ListItem","position":1,"name":"Home","item":"https:\/\/lvplayersclub.lv\/"},{"@type":"ListItem","position":2,"name":"Noteikumi un nosac\u012bjumi"}]},{"@type":"WebSite","@id":"https:\/\/lvplayersclub.lv\/en\/#website","url":"https:\/\/lvplayersclub.lv\/en\/","name":"Players Club LV","description":"LEVEL UP YOUR FUN","publisher":{"@id":"https:\/\/lvplayersclub.lv\/en\/#organization"},"potentialAction":[{"@type":"SearchAction","target":{"@type":"EntryPoint","urlTemplate":"https:\/\/lvplayersclub.lv\/en\/?s={search_term_string}"},"query-input":{"@type":"PropertyValueSpecification","valueRequired":true,"valueName":"search_term_string"}}],"inLanguage":"en-GB"},{"@type":"Organization","@id":"https:\/\/lvplayersclub.lv\/en\/#organization","name":"Players Club LV","url":"https:\/\/lvplayersclub.lv\/en\/","logo":{"@type":"ImageObject","inLanguage":"en-GB","@id":"https:\/\/lvplayersclub.lv\/en\/#\/schema\/logo\/image\/","url":"https:\/\/lvplayersclub.lv\/wp-content\/uploads\/2024\/01\/402904778_122098336058123623_4201563738749174389_n.jpg","contentUrl":"https:\/\/lvplayersclub.lv\/wp-content\/uploads\/2024\/01\/402904778_122098336058123623_4201563738749174389_n.jpg","width":1924,"height":1783,"caption":"Players Club LV"},"image":{"@id":"https:\/\/lvplayersclub.lv\/en\/#\/schema\/logo\/image\/"},"sameAs":["https:\/\/www.facebook.com\/playersclublv","https:\/\/www.instagram.com\/players_club_lv\/","https:\/\/www.tiktok.com\/@playersclub_lv"]}]}},"_links":{"self":[{"href":"https:\/\/lvplayersclub.lv\/en\/wp-json\/wp\/v2\/pages\/2473","targetHints":{"allow":["GET"]}}],"collection":[{"href":"https:\/\/lvplayersclub.lv\/en\/wp-json\/wp\/v2\/pages"}],"about":[{"href":"https:\/\/lvplayersclub.lv\/en\/wp-json\/wp\/v2\/types\/page"}],"author":[{"embeddable":true,"href":"https:\/\/lvplayersclub.lv\/en\/wp-json\/wp\/v2\/users\/3"}],"replies":[{"embeddable":true,"href":"https:\/\/lvplayersclub.lv\/en\/wp-json\/wp\/v2\/comments?post=2473"}],"version-history":[{"count":6,"href":"https:\/\/lvplayersclub.lv\/en\/wp-json\/wp\/v2\/pages\/2473\/revisions"}],"predecessor-version":[{"id":2490,"href":"https:\/\/lvplayersclub.lv\/en\/wp-json\/wp\/v2\/pages\/2473\/revisions\/2490"}],"wp:attachment":[{"href":"https:\/\/lvplayersclub.lv\/en\/wp-json\/wp\/v2\/media?parent=2473"}],"curies":[{"name":"wp","href":"https:\/\/api.w.org\/{rel}","templated":true}]}}