{"id":240,"date":"2018-10-10T17:40:09","date_gmt":"2018-10-10T17:40:09","guid":{"rendered":"http:\/\/escapium-wp.dan-fisher.com\/?page_id=240"},"modified":"2025-09-30T11:34:35","modified_gmt":"2025-09-30T11:34:35","slug":"sazinaties","status":"publish","type":"page","link":"https:\/\/lvplayersclub.lv\/en\/sazinaties\/","title":{"rendered":"Sazinies ar mums"},"content":{"rendered":"<div data-elementor-type=\"wp-post\" data-elementor-id=\"240\" class=\"elementor elementor-240\" data-elementor-post-type=\"page\">\n\t\t\t\t\t\t<section class=\"elementor-section elementor-top-section elementor-element elementor-element-e6e6ec0 elementor-section-boxed elementor-section-height-default elementor-section-height-default\" data-id=\"e6e6ec0\" data-element_type=\"section\">\n\t\t\t\t\t\t<div class=\"elementor-container elementor-column-gap-default\">\n\t\t\t\t\t<div class=\"elementor-column elementor-col-100 elementor-top-column elementor-element elementor-element-03534e8\" data-id=\"03534e8\" data-element_type=\"column\">\n\t\t\t<div class=\"elementor-widget-wrap elementor-element-populated\">\n\t\t\t\t\t\t<div class=\"elementor-element elementor-element-9483849 elementor-widget elementor-widget-spacer\" data-id=\"9483849\" data-element_type=\"widget\" data-widget_type=\"spacer.default\">\n\t\t\t\t<div class=\"elementor-widget-container\">\n\t\t\t\t\t\t\t<div class=\"elementor-spacer\">\n\t\t\t<div class=\"elementor-spacer-inner\"><\/div>\n\t\t<\/div>\n\t\t\t\t\t\t<\/div>\n\t\t\t\t<\/div>\n\t\t\t\t\t<\/div>\n\t\t<\/div>\n\t\t\t\t\t<\/div>\n\t\t<\/section>\n\t\t\t\t<section class=\"elementor-section elementor-top-section elementor-element elementor-element-3f5814dc elementor-section-boxed elementor-section-height-default elementor-section-height-default\" data-id=\"3f5814dc\" data-element_type=\"section\">\n\t\t\t\t\t\t<div class=\"elementor-container elementor-column-gap-default\">\n\t\t\t\t\t<div class=\"elementor-column elementor-col-33 elementor-top-column elementor-element elementor-element-6e0322c1\" data-id=\"6e0322c1\" data-element_type=\"column\">\n\t\t\t<div class=\"elementor-widget-wrap elementor-element-populated\">\n\t\t\t\t\t\t<div class=\"elementor-element elementor-element-133f7515 elementor-widget elementor-widget-text-editor\" data-id=\"133f7515\" data-element_type=\"widget\" data-widget_type=\"text-editor.default\">\n\t\t\t\t<div class=\"elementor-widget-container\">\n\t\t\t\t\t\t\t\t\t<h2>Contact Us<\/h2>\t\t\t\t\t\t\t\t<\/div>\n\t\t\t\t<\/div>\n\t\t\t\t<div class=\"elementor-element elementor-element-25c8c249 elementor-icon-list--layout-traditional elementor-list-item-link-full_width elementor-widget elementor-widget-icon-list\" data-id=\"25c8c249\" data-element_type=\"widget\" data-widget_type=\"icon-list.default\">\n\t\t\t\t<div class=\"elementor-widget-container\">\n\t\t\t\t\t\t\t<ul class=\"elementor-icon-list-items\">\n\t\t\t\t\t\t\t<li class=\"elementor-icon-list-item\">\n\t\t\t\t\t\t\t\t\t\t\t<a href=\"tel:+37128775132\">\n\n\t\t\t\t\t\t\t\t\t\t\t\t<span class=\"elementor-icon-list-icon\">\n\t\t\t\t\t\t\t<i aria-hidden=\"true\" class=\"fas fa-phone\"><\/i>\t\t\t\t\t\t<\/span>\n\t\t\t\t\t\t\t\t\t\t<span class=\"elementor-icon-list-text\">(+371) 28775132<\/span>\n\t\t\t\t\t\t\t\t\t\t\t<\/a>\n\t\t\t\t\t\t\t\t\t<\/li>\n\t\t\t\t\t\t\t\t<li class=\"elementor-icon-list-item\">\n\t\t\t\t\t\t\t\t\t\t\t<a href=\"tel:+37122089588\">\n\n\t\t\t\t\t\t\t\t\t\t\t\t<span class=\"elementor-icon-list-icon\">\n\t\t\t\t\t\t\t<i aria-hidden=\"true\" class=\"fas fa-phone\"><\/i>\t\t\t\t\t\t<\/span>\n\t\t\t\t\t\t\t\t\t\t<span class=\"elementor-icon-list-text\">(+371) 22089588<\/span>\n\t\t\t\t\t\t\t\t\t\t\t<\/a>\n\t\t\t\t\t\t\t\t\t<\/li>\n\t\t\t\t\t\t\t\t<li class=\"elementor-icon-list-item\">\n\t\t\t\t\t\t\t\t\t\t\t<span class=\"elementor-icon-list-icon\">\n\t\t\t\t\t\t\t<i aria-hidden=\"true\" class=\"fas fa-mail-bulk\"><\/i>\t\t\t\t\t\t<\/span>\n\t\t\t\t\t\t\t\t\t\t<span class=\"elementor-icon-list-text\"><a href=\"mailto:lvplayersclub@gmail.com\">lvplayersclub@gmail.com<\/a><\/span>\n\t\t\t\t\t\t\t\t\t<\/li>\n\t\t\t\t\t\t<\/ul>\n\t\t\t\t\t\t<\/div>\n\t\t\t\t<\/div>\n\t\t\t\t\t<\/div>\n\t\t<\/div>\n\t\t\t\t<div class=\"elementor-column elementor-col-66 elementor-top-column elementor-element elementor-element-5078f813\" data-id=\"5078f813\" data-element_type=\"column\">\n\t\t\t<div class=\"elementor-widget-wrap elementor-element-populated\">\n\t\t\t\t\t\t<div class=\"elementor-element elementor-element-7d32c4a1 elementor-widget elementor-widget-heading\" data-id=\"7d32c4a1\" data-element_type=\"widget\" data-widget_type=\"heading.default\">\n\t\t\t\t<div class=\"elementor-widget-container\">\n\t\t\t\t\t<h2 class=\"elementor-heading-title elementor-size-default\">CONTACT US<\/h2>\t\t\t\t<\/div>\n\t\t\t\t<\/div>\n\t\t\t\t<div class=\"elementor-element elementor-element-72e88e6 elementor-widget elementor-widget-shortcode\" data-id=\"72e88e6\" data-element_type=\"widget\" data-widget_type=\"shortcode.default\">\n\t\t\t\t<div class=\"elementor-widget-container\">\n\t\t\t\t\t\t\t<div class=\"elementor-shortcode\">\n<div class=\"wpcf7 no-js\" id=\"wpcf7-f243-o1\" lang=\"en-US\" dir=\"ltr\" data-wpcf7-id=\"243\">\n<div class=\"screen-reader-response\"><p role=\"status\" aria-live=\"polite\" aria-atomic=\"true\"><\/p> <ul><\/ul><\/div>\n<form action=\"\/en\/wp-json\/wp\/v2\/pages\/240#wpcf7-f243-o1\" method=\"post\" class=\"wpcf7-form init\" aria-label=\"Contact form\" novalidate=\"novalidate\" data-status=\"init\" data-trp-original-action=\"\/en\/wp-json\/wp\/v2\/pages\/240#wpcf7-f243-o1\">\n<div style=\"display: none;\">\n<input type=\"hidden\" name=\"_wpcf7\" value=\"243\" \/>\n<input type=\"hidden\" name=\"_wpcf7_version\" value=\"6.0.4\" \/>\n<input type=\"hidden\" name=\"_wpcf7_locale\" value=\"en_US\" \/>\n<input type=\"hidden\" name=\"_wpcf7_unit_tag\" value=\"wpcf7-f243-o1\" \/>\n<input type=\"hidden\" name=\"_wpcf7_container_post\" value=\"0\" \/>\n<input type=\"hidden\" name=\"_wpcf7_posted_data_hash\" value=\"\" \/>\n<\/div>\n<div class=\"row\">\n\t<div class=\"col-md-6\">\n\t\t<p><span class=\"wpcf7-form-control-wrap\" data-name=\"your-name\"><input size=\"40\" maxlength=\"400\" class=\"wpcf7-form-control wpcf7-text wpcf7-validates-as-required\" aria-required=\"true\" aria-invalid=\"false\" placeholder=\"Name\" value=\"\" type=\"text\" name=\"your-name\" \/><\/span>\n\t\t<\/p>\n\t<\/div>\n\t<div class=\"col-md-6\">\n\t\t<p><span class=\"wpcf7-form-control-wrap\" data-name=\"your-email\"><input size=\"40\" maxlength=\"400\" class=\"wpcf7-form-control wpcf7-email wpcf7-validates-as-required wpcf7-text wpcf7-validates-as-email\" aria-required=\"true\" aria-invalid=\"false\" placeholder=\"E-mail\" value=\"\" type=\"email\" name=\"your-email\" \/><\/span>\n\t\t<\/p>\n\t<\/div>\n<\/div>\n<p><span class=\"wpcf7-form-control-wrap\" data-name=\"your-message\"><textarea cols=\"40\" rows=\"10\" maxlength=\"2000\" class=\"wpcf7-form-control wpcf7-textarea\" aria-invalid=\"false\" placeholder=\"Your message...\" name=\"your-message\"><\/textarea><\/span><input class=\"wpcf7-form-control wpcf7-submit has-spinner btn btn-primary btn-lg btn-block\" type=\"submit\" value=\"Send\" \/>\n<\/p><div class=\"wpcf7-response-output\" aria-hidden=\"true\"><\/div>\n<input type=\"hidden\" name=\"trp-form-language\" value=\"en\"\/><\/form>\n<\/div>\n<\/div>\n\t\t\t\t\t\t<\/div>\n\t\t\t\t<\/div>\n\t\t\t\t<div class=\"elementor-element elementor-element-1e81d214 elementor-widget elementor-widget-spacer\" data-id=\"1e81d214\" data-element_type=\"widget\" data-widget_type=\"spacer.default\">\n\t\t\t\t<div class=\"elementor-widget-container\">\n\t\t\t\t\t\t\t<div class=\"elementor-spacer\">\n\t\t\t<div class=\"elementor-spacer-inner\"><\/div>\n\t\t<\/div>\n\t\t\t\t\t\t<\/div>\n\t\t\t\t<\/div>\n\t\t\t\t\t<\/div>\n\t\t<\/div>\n\t\t\t\t\t<\/div>\n\t\t<\/section>\n\t\t<div class=\"elementor-element elementor-element-9a4559c e-grid e-con-boxed e-con e-parent\" data-id=\"9a4559c\" data-element_type=\"container\">\n\t\t\t\t\t<div class=\"e-con-inner\">\n\t\t<div class=\"elementor-element elementor-element-682cbe9 e-con-full e-flex e-con e-child\" data-id=\"682cbe9\" data-element_type=\"container\">\n\t\t\t\t<div class=\"elementor-element elementor-element-2d87421 elementor-widget elementor-widget-text-editor\" data-id=\"2d87421\" data-element_type=\"widget\" data-widget_type=\"text-editor.default\">\n\t\t\t\t<div class=\"elementor-widget-container\">\n\t\t\t\t\t\t\t\t\t<h2><a href=\"https:\/\/maps.app.goo.gl\/t8P9K2Z3dQgygpxc9\" target=\"_blank\" rel=\"noopener\">Kri\u0161j\u0101\u0146a Barona iela 31, R\u012bga<\/a><\/h2>\t\t\t\t\t\t\t\t<\/div>\n\t\t\t\t<\/div>\n\t\t<div class=\"elementor-element elementor-element-f9004de e-con-full e-flex e-con e-child\" data-id=\"f9004de\" data-element_type=\"container\">\n\t\t\t\t<div class=\"elementor-element elementor-element-49d64f4 elementor-widget elementor-widget-html\" data-id=\"49d64f4\" data-element_type=\"widget\" data-widget_type=\"html.default\">\n\t\t\t\t<div class=\"elementor-widget-container\">\n\t\t\t\t\t<iframe src=\"https:\/\/www.google.com\/maps\/embed?pb=!1m18!1m12!1m3!1d2175.72564132331!2d24.12294057579403!3d56.95350169887785!2m3!1f0!2f0!3f0!3m2!1i1024!2i768!4f13.1!3m3!1m2!1s0x46eecfbf2e2ecea1%3A0x927561832a4d0393!2sPlayers%20Club!5e0!3m2!1slv!2slv!4v1720107653112!5m2!1slv!2slv\" width=\"600\" height=\"450\" style=\"border:0;\" allowfullscreen=\"\" loading=\"lazy\" referrerpolicy=\"no-referrer-when-downgrade\"><\/iframe>\t\t\t\t<\/div>\n\t\t\t\t<\/div>\n\t\t\t\t<\/div>\n\t\t\t\t<\/div>\n\t\t<div class=\"elementor-element elementor-element-b0d64ac e-con-full e-flex e-con e-child\" data-id=\"b0d64ac\" data-element_type=\"container\">\n\t\t\t\t<div class=\"elementor-element elementor-element-1c93581 elementor-widget elementor-widget-text-editor\" data-id=\"1c93581\" data-element_type=\"widget\" data-widget_type=\"text-editor.default\">\n\t\t\t\t<div class=\"elementor-widget-container\">\n\t\t\t\t\t\t\t\t\t<h2><a href=\"https:\/\/maps.app.goo.gl\/AdMqV7ie2wP52isL8\" target=\"_blank\" rel=\"noopener\">J\u0113kaba iela 3-5, Vecr\u012bga<\/a><\/h2>\t\t\t\t\t\t\t\t<\/div>\n\t\t\t\t<\/div>\n\t\t<div class=\"elementor-element elementor-element-8285405 e-con-full e-flex e-con e-child\" data-id=\"8285405\" data-element_type=\"container\">\n\t\t\t\t<div class=\"elementor-element elementor-element-ab55543 elementor-widget elementor-widget-html\" data-id=\"ab55543\" data-element_type=\"widget\" data-widget_type=\"html.default\">\n\t\t\t\t<div class=\"elementor-widget-container\">\n\t\t\t\t\t<iframe src=\"https:\/\/www.google.com\/maps\/embed?pb=!1m14!1m8!1m3!1d8703.64854878736!2d24.0875981!3d56.9503066!3m2!1i1024!2i768!4f13.1!3m3!1m2!1s0x46eecf007bb0b9bb%3A0x6b6a2f16ddc2e514!2sPlayers%20Club%20XL!5e0!3m2!1sen!2slv!4v1742270680376!5m2!1sen!2slv\" width=\"600\" height=\"450\" style=\"border:0;\" allowfullscreen=\"\" loading=\"lazy\" referrerpolicy=\"no-referrer-when-downgrade\"><\/iframe>\t\t\t\t<\/div>\n\t\t\t\t<\/div>\n\t\t\t\t<\/div>\n\t\t\t\t<\/div>\n\t\t\t\t\t<\/div>\n\t\t\t\t<\/div>\n\t\t<div class=\"elementor-element elementor-element-58bc839 e-flex e-con-boxed e-con e-parent\" data-id=\"58bc839\" data-element_type=\"container\">\n\t\t\t\t\t<div class=\"e-con-inner\">\n\t\t\t\t\t<\/div>\n\t\t\t\t<\/div>\n\t\t\t\t<\/div>","protected":false},"excerpt":{"rendered":"<p>Kontakti (+371) 28775132 (+371) 22089588 lvplayersclub@gmail.com SAZINIES AR MUMS Kri\u0161j\u0101\u0146a Barona iela 31, R\u012bga J\u0113kaba iela 3-5, Vecr\u012bga<\/p>","protected":false},"author":1,"featured_media":0,"parent":0,"menu_order":0,"comment_status":"closed","ping_status":"closed","template":"","meta":{"footnotes":""},"class_list":["post-240","page","type-page","status-publish","hentry"],"acf":[],"yoast_head":"<!-- This site is optimized with the Yoast SEO plugin v24.6 - https:\/\/yoast.com\/wordpress\/plugins\/seo\/ -->\n<title>Sazinies ar mums | Players Club LV<\/title>\n<meta name=\"description\" content=\"Sazinies ar Players Club! Atrodi m\u016bsu kontaktinform\u0101ciju, apmekl\u0113 m\u016bs R\u012bgas centr\u0101 vai sazinies pa t\u0101lruni un e-pastu, lai uzzin\u0101tu vair\u0101k.\" \/>\n<meta name=\"robots\" content=\"index, follow, max-snippet:-1, max-image-preview:large, max-video-preview:-1\" \/>\n<link rel=\"canonical\" href=\"https:\/\/lvplayersclub.lv\/en\/sazinaties\/\" \/>\n<meta property=\"og:locale\" content=\"en_GB\" \/>\n<meta property=\"og:type\" content=\"article\" \/>\n<meta property=\"og:title\" content=\"Sazinies ar mums | Players Club LV\" \/>\n<meta property=\"og:description\" content=\"Sazinies ar Players Club! Atrodi m\u016bsu kontaktinform\u0101ciju, apmekl\u0113 m\u016bs R\u012bgas centr\u0101 vai sazinies pa t\u0101lruni un e-pastu, lai uzzin\u0101tu vair\u0101k.\" \/>\n<meta property=\"og:url\" content=\"https:\/\/lvplayersclub.lv\/en\/sazinaties\/\" \/>\n<meta property=\"og:site_name\" content=\"Players Club LV\" \/>\n<meta property=\"article:publisher\" content=\"https:\/\/www.facebook.com\/playersclublv\" \/>\n<meta property=\"article:modified_time\" content=\"2025-09-30T11:34:35+00:00\" \/>\n<meta property=\"og:image\" content=\"https:\/\/lvplayersclub.lv\/wp-content\/uploads\/2024\/01\/402904778_122098336058123623_4201563738749174389_n.jpg\" \/>\n\t<meta property=\"og:image:width\" content=\"1924\" \/>\n\t<meta property=\"og:image:height\" content=\"1783\" \/>\n\t<meta property=\"og:image:type\" content=\"image\/jpeg\" \/>\n<meta name=\"twitter:card\" content=\"summary_large_image\" \/>\n<meta name=\"twitter:label1\" content=\"Estimated reading time\" \/>\n\t<meta name=\"twitter:data1\" content=\"1 minute\" \/>\n<script type=\"application\/ld+json\" class=\"yoast-schema-graph\">{\"@context\":\"https:\/\/schema.org\",\"@graph\":[{\"@type\":\"WebPage\",\"@id\":\"https:\/\/lvplayersclub.lv\/sazinaties\/\",\"url\":\"https:\/\/lvplayersclub.lv\/sazinaties\/\",\"name\":\"Sazinies ar mums | Players Club LV\",\"isPartOf\":{\"@id\":\"https:\/\/lvplayersclub.lv\/en\/#website\"},\"datePublished\":\"2018-10-10T17:40:09+00:00\",\"dateModified\":\"2025-09-30T11:34:35+00:00\",\"description\":\"Sazinies ar Players Club! Atrodi m\u016bsu kontaktinform\u0101ciju, apmekl\u0113 m\u016bs R\u012bgas centr\u0101 vai sazinies pa t\u0101lruni un e-pastu, lai uzzin\u0101tu vair\u0101k.\",\"breadcrumb\":{\"@id\":\"https:\/\/lvplayersclub.lv\/sazinaties\/#breadcrumb\"},\"inLanguage\":\"en-GB\",\"potentialAction\":[{\"@type\":\"ReadAction\",\"target\":[\"https:\/\/lvplayersclub.lv\/sazinaties\/\"]}]},{\"@type\":\"BreadcrumbList\",\"@id\":\"https:\/\/lvplayersclub.lv\/sazinaties\/#breadcrumb\",\"itemListElement\":[{\"@type\":\"ListItem\",\"position\":1,\"name\":\"Home\",\"item\":\"https:\/\/lvplayersclub.lv\/\"},{\"@type\":\"ListItem\",\"position\":2,\"name\":\"Sazinies ar mums\"}]},{\"@type\":\"WebSite\",\"@id\":\"https:\/\/lvplayersclub.lv\/en\/#website\",\"url\":\"https:\/\/lvplayersclub.lv\/en\/\",\"name\":\"Players Club LV\",\"description\":\"LEVEL UP YOUR FUN\",\"publisher\":{\"@id\":\"https:\/\/lvplayersclub.lv\/en\/#organization\"},\"potentialAction\":[{\"@type\":\"SearchAction\",\"target\":{\"@type\":\"EntryPoint\",\"urlTemplate\":\"https:\/\/lvplayersclub.lv\/en\/?s={search_term_string}\"},\"query-input\":{\"@type\":\"PropertyValueSpecification\",\"valueRequired\":true,\"valueName\":\"search_term_string\"}}],\"inLanguage\":\"en-GB\"},{\"@type\":\"Organization\",\"@id\":\"https:\/\/lvplayersclub.lv\/en\/#organization\",\"name\":\"Players Club LV\",\"url\":\"https:\/\/lvplayersclub.lv\/en\/\",\"logo\":{\"@type\":\"ImageObject\",\"inLanguage\":\"en-GB\",\"@id\":\"https:\/\/lvplayersclub.lv\/en\/#\/schema\/logo\/image\/\",\"url\":\"https:\/\/lvplayersclub.lv\/wp-content\/uploads\/2024\/01\/402904778_122098336058123623_4201563738749174389_n.jpg\",\"contentUrl\":\"https:\/\/lvplayersclub.lv\/wp-content\/uploads\/2024\/01\/402904778_122098336058123623_4201563738749174389_n.jpg\",\"width\":1924,\"height\":1783,\"caption\":\"Players Club LV\"},\"image\":{\"@id\":\"https:\/\/lvplayersclub.lv\/en\/#\/schema\/logo\/image\/\"},\"sameAs\":[\"https:\/\/www.facebook.com\/playersclublv\",\"https:\/\/www.instagram.com\/players_club_lv\/\",\"https:\/\/www.tiktok.com\/@playersclub_lv\"]}]}<\/script>\n<!-- \/ Yoast SEO plugin. -->","yoast_head_json":{"title":"Sazinies ar mums | Players Club LV","description":"Sazinies ar Players Club! Atrodi m\u016bsu kontaktinform\u0101ciju, apmekl\u0113 m\u016bs R\u012bgas centr\u0101 vai sazinies pa t\u0101lruni un e-pastu, lai uzzin\u0101tu vair\u0101k.","robots":{"index":"index","follow":"follow","max-snippet":"max-snippet:-1","max-image-preview":"max-image-preview:large","max-video-preview":"max-video-preview:-1"},"canonical":"https:\/\/lvplayersclub.lv\/en\/sazinaties\/","og_locale":"en_GB","og_type":"article","og_title":"Sazinies ar mums | Players Club LV","og_description":"Sazinies ar Players Club! Atrodi m\u016bsu kontaktinform\u0101ciju, apmekl\u0113 m\u016bs R\u012bgas centr\u0101 vai sazinies pa t\u0101lruni un e-pastu, lai uzzin\u0101tu vair\u0101k.","og_url":"https:\/\/lvplayersclub.lv\/en\/sazinaties\/","og_site_name":"Players Club LV","article_publisher":"https:\/\/www.facebook.com\/playersclublv","article_modified_time":"2025-09-30T11:34:35+00:00","og_image":[{"width":1924,"height":1783,"url":"https:\/\/lvplayersclub.lv\/wp-content\/uploads\/2024\/01\/402904778_122098336058123623_4201563738749174389_n.jpg","type":"image\/jpeg"}],"twitter_card":"summary_large_image","twitter_misc":{"Estimated reading time":"1 minute"},"schema":{"@context":"https:\/\/schema.org","@graph":[{"@type":"WebPage","@id":"https:\/\/lvplayersclub.lv\/sazinaties\/","url":"https:\/\/lvplayersclub.lv\/sazinaties\/","name":"Sazinies ar mums | Players Club LV","isPartOf":{"@id":"https:\/\/lvplayersclub.lv\/en\/#website"},"datePublished":"2018-10-10T17:40:09+00:00","dateModified":"2025-09-30T11:34:35+00:00","description":"Sazinies ar Players Club! Atrodi m\u016bsu kontaktinform\u0101ciju, apmekl\u0113 m\u016bs R\u012bgas centr\u0101 vai sazinies pa t\u0101lruni un e-pastu, lai uzzin\u0101tu vair\u0101k.","breadcrumb":{"@id":"https:\/\/lvplayersclub.lv\/sazinaties\/#breadcrumb"},"inLanguage":"en-GB","potentialAction":[{"@type":"ReadAction","target":["https:\/\/lvplayersclub.lv\/sazinaties\/"]}]},{"@type":"BreadcrumbList","@id":"https:\/\/lvplayersclub.lv\/sazinaties\/#breadcrumb","itemListElement":[{"@type":"ListItem","position":1,"name":"Home","item":"https:\/\/lvplayersclub.lv\/"},{"@type":"ListItem","position":2,"name":"Sazinies ar mums"}]},{"@type":"WebSite","@id":"https:\/\/lvplayersclub.lv\/en\/#website","url":"https:\/\/lvplayersclub.lv\/en\/","name":"Players Club LV","description":"LEVEL UP YOUR FUN","publisher":{"@id":"https:\/\/lvplayersclub.lv\/en\/#organization"},"potentialAction":[{"@type":"SearchAction","target":{"@type":"EntryPoint","urlTemplate":"https:\/\/lvplayersclub.lv\/en\/?s={search_term_string}"},"query-input":{"@type":"PropertyValueSpecification","valueRequired":true,"valueName":"search_term_string"}}],"inLanguage":"en-GB"},{"@type":"Organization","@id":"https:\/\/lvplayersclub.lv\/en\/#organization","name":"Players Club LV","url":"https:\/\/lvplayersclub.lv\/en\/","logo":{"@type":"ImageObject","inLanguage":"en-GB","@id":"https:\/\/lvplayersclub.lv\/en\/#\/schema\/logo\/image\/","url":"https:\/\/lvplayersclub.lv\/wp-content\/uploads\/2024\/01\/402904778_122098336058123623_4201563738749174389_n.jpg","contentUrl":"https:\/\/lvplayersclub.lv\/wp-content\/uploads\/2024\/01\/402904778_122098336058123623_4201563738749174389_n.jpg","width":1924,"height":1783,"caption":"Players Club LV"},"image":{"@id":"https:\/\/lvplayersclub.lv\/en\/#\/schema\/logo\/image\/"},"sameAs":["https:\/\/www.facebook.com\/playersclublv","https:\/\/www.instagram.com\/players_club_lv\/","https:\/\/www.tiktok.com\/@playersclub_lv"]}]}},"_links":{"self":[{"href":"https:\/\/lvplayersclub.lv\/en\/wp-json\/wp\/v2\/pages\/240","targetHints":{"allow":["GET"]}}],"collection":[{"href":"https:\/\/lvplayersclub.lv\/en\/wp-json\/wp\/v2\/pages"}],"about":[{"href":"https:\/\/lvplayersclub.lv\/en\/wp-json\/wp\/v2\/types\/page"}],"author":[{"embeddable":true,"href":"https:\/\/lvplayersclub.lv\/en\/wp-json\/wp\/v2\/users\/1"}],"replies":[{"embeddable":true,"href":"https:\/\/lvplayersclub.lv\/en\/wp-json\/wp\/v2\/comments?post=240"}],"version-history":[{"count":41,"href":"https:\/\/lvplayersclub.lv\/en\/wp-json\/wp\/v2\/pages\/240\/revisions"}],"predecessor-version":[{"id":2406,"href":"https:\/\/lvplayersclub.lv\/en\/wp-json\/wp\/v2\/pages\/240\/revisions\/2406"}],"wp:attachment":[{"href":"https:\/\/lvplayersclub.lv\/en\/wp-json\/wp\/v2\/media?parent=240"}],"curies":[{"name":"wp","href":"https:\/\/api.w.org\/{rel}","templated":true}]}}