{"id":2127,"date":"2025-02-24T10:34:18","date_gmt":"2025-02-24T10:34:18","guid":{"rendered":"https:\/\/lvplayersclub.lv\/?page_id=2127"},"modified":"2025-08-05T12:40:12","modified_gmt":"2025-08-05T12:40:12","slug":"darba-laiks","status":"publish","type":"page","link":"https:\/\/lvplayersclub.lv\/en\/darba-laiks\/","title":{"rendered":"OPEN HOURS"},"content":{"rendered":"<div data-elementor-type=\"wp-post\" data-elementor-id=\"2127\" class=\"elementor elementor-2127\" data-elementor-post-type=\"page\">\n\t\t\t\t\t\t<section class=\"elementor-section elementor-top-section elementor-element elementor-element-05edaae elementor-section-height-min-height elementor-section-boxed elementor-section-height-default elementor-section-items-middle\" data-id=\"05edaae\" data-element_type=\"section\" data-settings=\"{&quot;background_background&quot;:&quot;classic&quot;}\">\n\t\t\t\t\t\t<div class=\"elementor-container elementor-column-gap-default\">\n\t\t\t\t\t<div class=\"elementor-column elementor-col-100 elementor-top-column elementor-element elementor-element-62583c7\" data-id=\"62583c7\" data-element_type=\"column\">\n\t\t\t<div class=\"elementor-widget-wrap elementor-element-populated\">\n\t\t\t\t\t\t<div class=\"elementor-element elementor-element-b149a27 elementor-widget elementor-widget-heading\" data-id=\"b149a27\" data-element_type=\"widget\" data-widget_type=\"heading.default\">\n\t\t\t\t<div class=\"elementor-widget-container\">\n\t\t\t\t\t<h1 class=\"elementor-heading-title elementor-size-default\">OPEN HOURS<\/h1>\t\t\t\t<\/div>\n\t\t\t\t<\/div>\n\t\t\t\t\t<\/div>\n\t\t<\/div>\n\t\t\t\t\t<\/div>\n\t\t<\/section>\n\t\t\t\t<section class=\"elementor-section elementor-top-section elementor-element elementor-element-d9d5b6d elementor-section-height-min-height elementor-section-boxed elementor-section-height-default elementor-section-items-middle\" data-id=\"d9d5b6d\" data-element_type=\"section\" data-settings=\"{&quot;background_background&quot;:&quot;classic&quot;}\">\n\t\t\t\t\t\t<div class=\"elementor-container elementor-column-gap-default\">\n\t\t\t\t\t<div class=\"elementor-column elementor-col-100 elementor-top-column elementor-element elementor-element-810400b\" data-id=\"810400b\" data-element_type=\"column\">\n\t\t\t<div class=\"elementor-widget-wrap elementor-element-populated\">\n\t\t\t\t\t\t<div class=\"elementor-element elementor-element-9ce7540 elementor-widget elementor-widget-image\" data-id=\"9ce7540\" data-element_type=\"widget\" data-widget_type=\"image.default\">\n\t\t\t\t<div class=\"elementor-widget-container\">\n\t\t\t\t\t\t\t\t\t\t\t\t\t\t\t<img fetchpriority=\"high\" decoding=\"async\" width=\"640\" height=\"1138\" src=\"https:\/\/lvplayersclub.lv\/wp-content\/uploads\/2025\/08\/2-768x1365.png\" class=\"attachment-medium_large size-medium_large wp-image-2391\" alt=\"\" srcset=\"https:\/\/lvplayersclub.lv\/wp-content\/uploads\/2025\/08\/2-768x1365.png 768w, https:\/\/lvplayersclub.lv\/wp-content\/uploads\/2025\/08\/2-169x300.png 169w, https:\/\/lvplayersclub.lv\/wp-content\/uploads\/2025\/08\/2-576x1024.png 576w, https:\/\/lvplayersclub.lv\/wp-content\/uploads\/2025\/08\/2-864x1536.png 864w, https:\/\/lvplayersclub.lv\/wp-content\/uploads\/2025\/08\/2-7x12.png 7w, https:\/\/lvplayersclub.lv\/wp-content\/uploads\/2025\/08\/2.png 1080w\" sizes=\"(max-width: 640px) 100vw, 640px\" \/>\t\t\t\t\t\t\t\t\t\t\t\t\t\t\t<\/div>\n\t\t\t\t<\/div>\n\t\t\t\t\t<\/div>\n\t\t<\/div>\n\t\t\t\t\t<\/div>\n\t\t<\/section>\n\t\t\t\t<section class=\"elementor-section elementor-top-section elementor-element elementor-element-d52edf3 elementor-section-height-min-height elementor-section-boxed elementor-section-height-default elementor-section-items-middle\" data-id=\"d52edf3\" data-element_type=\"section\" data-settings=\"{&quot;background_background&quot;:&quot;classic&quot;}\">\n\t\t\t\t\t\t<div class=\"elementor-container elementor-column-gap-default\">\n\t\t\t\t\t<div class=\"elementor-column elementor-col-100 elementor-top-column elementor-element elementor-element-a9b79f8\" data-id=\"a9b79f8\" data-element_type=\"column\">\n\t\t\t<div class=\"elementor-widget-wrap elementor-element-populated\">\n\t\t\t\t\t\t<div class=\"elementor-element elementor-element-23b31bd elementor-widget elementor-widget-image\" data-id=\"23b31bd\" data-element_type=\"widget\" data-widget_type=\"image.default\">\n\t\t\t\t<div class=\"elementor-widget-container\">\n\t\t\t\t\t\t\t\t\t\t\t\t\t\t\t<img decoding=\"async\" width=\"640\" height=\"1138\" src=\"https:\/\/lvplayersclub.lv\/wp-content\/uploads\/2025\/08\/1-768x1365.png\" class=\"attachment-medium_large size-medium_large wp-image-2390\" alt=\"\" srcset=\"https:\/\/lvplayersclub.lv\/wp-content\/uploads\/2025\/08\/1-768x1365.png 768w, https:\/\/lvplayersclub.lv\/wp-content\/uploads\/2025\/08\/1-169x300.png 169w, https:\/\/lvplayersclub.lv\/wp-content\/uploads\/2025\/08\/1-576x1024.png 576w, https:\/\/lvplayersclub.lv\/wp-content\/uploads\/2025\/08\/1-864x1536.png 864w, https:\/\/lvplayersclub.lv\/wp-content\/uploads\/2025\/08\/1-7x12.png 7w, https:\/\/lvplayersclub.lv\/wp-content\/uploads\/2025\/08\/1.png 1080w\" sizes=\"(max-width: 640px) 100vw, 640px\" \/>\t\t\t\t\t\t\t\t\t\t\t\t\t\t\t<\/div>\n\t\t\t\t<\/div>\n\t\t\t\t\t<\/div>\n\t\t<\/div>\n\t\t\t\t\t<\/div>\n\t\t<\/section>\n\t\t\t\t<\/div>","protected":false},"excerpt":{"rendered":"<p>OPEN HOURS<\/p>","protected":false},"author":3,"featured_media":0,"parent":0,"menu_order":0,"comment_status":"closed","ping_status":"closed","template":"elementor_header_footer","meta":{"footnotes":""},"class_list":["post-2127","page","type-page","status-publish","hentry"],"acf":[],"yoast_head":"<!-- This site is optimized with the Yoast SEO plugin v24.6 - https:\/\/yoast.com\/wordpress\/plugins\/seo\/ -->\n<title>Darba laiks | Players Club LV<\/title>\n<meta name=\"description\" content=\"P\u0101rbaudi Players Club darba laikus R\u012bg\u0101 un apmekl\u0113 m\u016bs jebkur\u0101 \u0113rt\u0101 laik\u0101! Izbaudi sp\u0113les, minigolfu un citas izklaides \u2013 str\u0101d\u0101jam katru dienu!\" \/>\n<meta name=\"robots\" content=\"index, follow, max-snippet:-1, max-image-preview:large, max-video-preview:-1\" \/>\n<link rel=\"canonical\" href=\"https:\/\/lvplayersclub.lv\/en\/darba-laiks\/\" \/>\n<meta property=\"og:locale\" content=\"en_GB\" \/>\n<meta property=\"og:type\" content=\"article\" \/>\n<meta property=\"og:title\" content=\"Darba laiks | Players Club LV\" \/>\n<meta property=\"og:description\" content=\"P\u0101rbaudi Players Club darba laikus R\u012bg\u0101 un apmekl\u0113 m\u016bs jebkur\u0101 \u0113rt\u0101 laik\u0101! Izbaudi sp\u0113les, minigolfu un citas izklaides \u2013 str\u0101d\u0101jam katru dienu!\" \/>\n<meta property=\"og:url\" content=\"https:\/\/lvplayersclub.lv\/en\/darba-laiks\/\" \/>\n<meta property=\"og:site_name\" content=\"Players Club LV\" \/>\n<meta property=\"article:publisher\" content=\"https:\/\/www.facebook.com\/playersclublv\" \/>\n<meta property=\"article:modified_time\" content=\"2025-08-05T12:40:12+00:00\" \/>\n<meta property=\"og:image\" content=\"https:\/\/lvplayersclub.lv\/wp-content\/uploads\/2025\/08\/2.png\" \/>\n\t<meta property=\"og:image:width\" content=\"1080\" \/>\n\t<meta property=\"og:image:height\" content=\"1920\" \/>\n\t<meta property=\"og:image:type\" content=\"image\/png\" \/>\n<meta name=\"twitter:card\" content=\"summary_large_image\" \/>\n<meta name=\"twitter:label1\" content=\"Estimated reading time\" \/>\n\t<meta name=\"twitter:data1\" content=\"1 minute\" \/>\n<script type=\"application\/ld+json\" class=\"yoast-schema-graph\">{\"@context\":\"https:\/\/schema.org\",\"@graph\":[{\"@type\":\"WebPage\",\"@id\":\"https:\/\/lvplayersclub.lv\/darba-laiks\/\",\"url\":\"https:\/\/lvplayersclub.lv\/darba-laiks\/\",\"name\":\"Darba laiks | Players Club LV\",\"isPartOf\":{\"@id\":\"https:\/\/lvplayersclub.lv\/en\/#website\"},\"primaryImageOfPage\":{\"@id\":\"https:\/\/lvplayersclub.lv\/darba-laiks\/#primaryimage\"},\"image\":{\"@id\":\"https:\/\/lvplayersclub.lv\/darba-laiks\/#primaryimage\"},\"thumbnailUrl\":\"https:\/\/lvplayersclub.lv\/wp-content\/uploads\/2025\/08\/2-768x1365.png\",\"datePublished\":\"2025-02-24T10:34:18+00:00\",\"dateModified\":\"2025-08-05T12:40:12+00:00\",\"description\":\"P\u0101rbaudi Players Club darba laikus R\u012bg\u0101 un apmekl\u0113 m\u016bs jebkur\u0101 \u0113rt\u0101 laik\u0101! Izbaudi sp\u0113les, minigolfu un citas izklaides \u2013 str\u0101d\u0101jam katru dienu!\",\"breadcrumb\":{\"@id\":\"https:\/\/lvplayersclub.lv\/darba-laiks\/#breadcrumb\"},\"inLanguage\":\"en-GB\",\"potentialAction\":[{\"@type\":\"ReadAction\",\"target\":[\"https:\/\/lvplayersclub.lv\/darba-laiks\/\"]}]},{\"@type\":\"ImageObject\",\"inLanguage\":\"en-GB\",\"@id\":\"https:\/\/lvplayersclub.lv\/darba-laiks\/#primaryimage\",\"url\":\"https:\/\/lvplayersclub.lv\/wp-content\/uploads\/2025\/08\/2-768x1365.png\",\"contentUrl\":\"https:\/\/lvplayersclub.lv\/wp-content\/uploads\/2025\/08\/2-768x1365.png\"},{\"@type\":\"BreadcrumbList\",\"@id\":\"https:\/\/lvplayersclub.lv\/darba-laiks\/#breadcrumb\",\"itemListElement\":[{\"@type\":\"ListItem\",\"position\":1,\"name\":\"Home\",\"item\":\"https:\/\/lvplayersclub.lv\/\"},{\"@type\":\"ListItem\",\"position\":2,\"name\":\"DARBA LAIKS\"}]},{\"@type\":\"WebSite\",\"@id\":\"https:\/\/lvplayersclub.lv\/en\/#website\",\"url\":\"https:\/\/lvplayersclub.lv\/en\/\",\"name\":\"Players Club LV\",\"description\":\"LEVEL UP YOUR FUN\",\"publisher\":{\"@id\":\"https:\/\/lvplayersclub.lv\/en\/#organization\"},\"potentialAction\":[{\"@type\":\"SearchAction\",\"target\":{\"@type\":\"EntryPoint\",\"urlTemplate\":\"https:\/\/lvplayersclub.lv\/en\/?s={search_term_string}\"},\"query-input\":{\"@type\":\"PropertyValueSpecification\",\"valueRequired\":true,\"valueName\":\"search_term_string\"}}],\"inLanguage\":\"en-GB\"},{\"@type\":\"Organization\",\"@id\":\"https:\/\/lvplayersclub.lv\/en\/#organization\",\"name\":\"Players Club LV\",\"url\":\"https:\/\/lvplayersclub.lv\/en\/\",\"logo\":{\"@type\":\"ImageObject\",\"inLanguage\":\"en-GB\",\"@id\":\"https:\/\/lvplayersclub.lv\/en\/#\/schema\/logo\/image\/\",\"url\":\"https:\/\/lvplayersclub.lv\/wp-content\/uploads\/2024\/01\/402904778_122098336058123623_4201563738749174389_n.jpg\",\"contentUrl\":\"https:\/\/lvplayersclub.lv\/wp-content\/uploads\/2024\/01\/402904778_122098336058123623_4201563738749174389_n.jpg\",\"width\":1924,\"height\":1783,\"caption\":\"Players Club LV\"},\"image\":{\"@id\":\"https:\/\/lvplayersclub.lv\/en\/#\/schema\/logo\/image\/\"},\"sameAs\":[\"https:\/\/www.facebook.com\/playersclublv\",\"https:\/\/www.instagram.com\/players_club_lv\/\",\"https:\/\/www.tiktok.com\/@playersclub_lv\"]}]}<\/script>\n<!-- \/ Yoast SEO plugin. -->","yoast_head_json":{"title":"Darba laiks | Players Club LV","description":"P\u0101rbaudi Players Club darba laikus R\u012bg\u0101 un apmekl\u0113 m\u016bs jebkur\u0101 \u0113rt\u0101 laik\u0101! Izbaudi sp\u0113les, minigolfu un citas izklaides \u2013 str\u0101d\u0101jam katru dienu!","robots":{"index":"index","follow":"follow","max-snippet":"max-snippet:-1","max-image-preview":"max-image-preview:large","max-video-preview":"max-video-preview:-1"},"canonical":"https:\/\/lvplayersclub.lv\/en\/darba-laiks\/","og_locale":"en_GB","og_type":"article","og_title":"Darba laiks | Players Club LV","og_description":"P\u0101rbaudi Players Club darba laikus R\u012bg\u0101 un apmekl\u0113 m\u016bs jebkur\u0101 \u0113rt\u0101 laik\u0101! Izbaudi sp\u0113les, minigolfu un citas izklaides \u2013 str\u0101d\u0101jam katru dienu!","og_url":"https:\/\/lvplayersclub.lv\/en\/darba-laiks\/","og_site_name":"Players Club LV","article_publisher":"https:\/\/www.facebook.com\/playersclublv","article_modified_time":"2025-08-05T12:40:12+00:00","og_image":[{"width":1080,"height":1920,"url":"https:\/\/lvplayersclub.lv\/wp-content\/uploads\/2025\/08\/2.png","type":"image\/png"}],"twitter_card":"summary_large_image","twitter_misc":{"Estimated reading time":"1 minute"},"schema":{"@context":"https:\/\/schema.org","@graph":[{"@type":"WebPage","@id":"https:\/\/lvplayersclub.lv\/darba-laiks\/","url":"https:\/\/lvplayersclub.lv\/darba-laiks\/","name":"Darba laiks | Players Club LV","isPartOf":{"@id":"https:\/\/lvplayersclub.lv\/en\/#website"},"primaryImageOfPage":{"@id":"https:\/\/lvplayersclub.lv\/darba-laiks\/#primaryimage"},"image":{"@id":"https:\/\/lvplayersclub.lv\/darba-laiks\/#primaryimage"},"thumbnailUrl":"https:\/\/lvplayersclub.lv\/wp-content\/uploads\/2025\/08\/2-768x1365.png","datePublished":"2025-02-24T10:34:18+00:00","dateModified":"2025-08-05T12:40:12+00:00","description":"P\u0101rbaudi Players Club darba laikus R\u012bg\u0101 un apmekl\u0113 m\u016bs jebkur\u0101 \u0113rt\u0101 laik\u0101! Izbaudi sp\u0113les, minigolfu un citas izklaides \u2013 str\u0101d\u0101jam katru dienu!","breadcrumb":{"@id":"https:\/\/lvplayersclub.lv\/darba-laiks\/#breadcrumb"},"inLanguage":"en-GB","potentialAction":[{"@type":"ReadAction","target":["https:\/\/lvplayersclub.lv\/darba-laiks\/"]}]},{"@type":"ImageObject","inLanguage":"en-GB","@id":"https:\/\/lvplayersclub.lv\/darba-laiks\/#primaryimage","url":"https:\/\/lvplayersclub.lv\/wp-content\/uploads\/2025\/08\/2-768x1365.png","contentUrl":"https:\/\/lvplayersclub.lv\/wp-content\/uploads\/2025\/08\/2-768x1365.png"},{"@type":"BreadcrumbList","@id":"https:\/\/lvplayersclub.lv\/darba-laiks\/#breadcrumb","itemListElement":[{"@type":"ListItem","position":1,"name":"Home","item":"https:\/\/lvplayersclub.lv\/"},{"@type":"ListItem","position":2,"name":"DARBA LAIKS"}]},{"@type":"WebSite","@id":"https:\/\/lvplayersclub.lv\/en\/#website","url":"https:\/\/lvplayersclub.lv\/en\/","name":"Players Club LV","description":"LEVEL UP YOUR FUN","publisher":{"@id":"https:\/\/lvplayersclub.lv\/en\/#organization"},"potentialAction":[{"@type":"SearchAction","target":{"@type":"EntryPoint","urlTemplate":"https:\/\/lvplayersclub.lv\/en\/?s={search_term_string}"},"query-input":{"@type":"PropertyValueSpecification","valueRequired":true,"valueName":"search_term_string"}}],"inLanguage":"en-GB"},{"@type":"Organization","@id":"https:\/\/lvplayersclub.lv\/en\/#organization","name":"Players Club LV","url":"https:\/\/lvplayersclub.lv\/en\/","logo":{"@type":"ImageObject","inLanguage":"en-GB","@id":"https:\/\/lvplayersclub.lv\/en\/#\/schema\/logo\/image\/","url":"https:\/\/lvplayersclub.lv\/wp-content\/uploads\/2024\/01\/402904778_122098336058123623_4201563738749174389_n.jpg","contentUrl":"https:\/\/lvplayersclub.lv\/wp-content\/uploads\/2024\/01\/402904778_122098336058123623_4201563738749174389_n.jpg","width":1924,"height":1783,"caption":"Players Club LV"},"image":{"@id":"https:\/\/lvplayersclub.lv\/en\/#\/schema\/logo\/image\/"},"sameAs":["https:\/\/www.facebook.com\/playersclublv","https:\/\/www.instagram.com\/players_club_lv\/","https:\/\/www.tiktok.com\/@playersclub_lv"]}]}},"_links":{"self":[{"href":"https:\/\/lvplayersclub.lv\/en\/wp-json\/wp\/v2\/pages\/2127","targetHints":{"allow":["GET"]}}],"collection":[{"href":"https:\/\/lvplayersclub.lv\/en\/wp-json\/wp\/v2\/pages"}],"about":[{"href":"https:\/\/lvplayersclub.lv\/en\/wp-json\/wp\/v2\/types\/page"}],"author":[{"embeddable":true,"href":"https:\/\/lvplayersclub.lv\/en\/wp-json\/wp\/v2\/users\/3"}],"replies":[{"embeddable":true,"href":"https:\/\/lvplayersclub.lv\/en\/wp-json\/wp\/v2\/comments?post=2127"}],"version-history":[{"count":14,"href":"https:\/\/lvplayersclub.lv\/en\/wp-json\/wp\/v2\/pages\/2127\/revisions"}],"predecessor-version":[{"id":2394,"href":"https:\/\/lvplayersclub.lv\/en\/wp-json\/wp\/v2\/pages\/2127\/revisions\/2394"}],"wp:attachment":[{"href":"https:\/\/lvplayersclub.lv\/en\/wp-json\/wp\/v2\/media?parent=2127"}],"curies":[{"name":"wp","href":"https:\/\/api.w.org\/{rel}","templated":true}]}}