{"id":2107,"date":"2025-02-23T19:02:54","date_gmt":"2025-02-23T19:02:54","guid":{"rendered":"https:\/\/lvplayersclub.lv\/?page_id=2107"},"modified":"2026-02-21T20:26:16","modified_gmt":"2026-02-21T20:26:16","slug":"edienkarte","status":"publish","type":"page","link":"https:\/\/lvplayersclub.lv\/en\/edienkarte\/","title":{"rendered":"MENU"},"content":{"rendered":"<div data-elementor-type=\"wp-post\" data-elementor-id=\"2107\" class=\"elementor elementor-2107\" data-elementor-post-type=\"page\">\n\t\t\t\t\t\t<section class=\"elementor-section elementor-top-section elementor-element elementor-element-95affd7 elementor-section-height-min-height elementor-section-full_width elementor-section-height-default elementor-section-items-middle\" data-id=\"95affd7\" data-element_type=\"section\" data-settings=\"{&quot;background_background&quot;:&quot;classic&quot;}\">\n\t\t\t\t\t\t<div class=\"elementor-container elementor-column-gap-default\">\n\t\t\t\t\t<div class=\"elementor-column elementor-col-100 elementor-top-column elementor-element elementor-element-6ce321a3\" data-id=\"6ce321a3\" data-element_type=\"column\">\n\t\t\t<div class=\"elementor-widget-wrap elementor-element-populated\">\n\t\t\t\t\t\t<div class=\"elementor-element elementor-element-680dea3 elementor-widget elementor-widget-heading\" data-id=\"680dea3\" data-element_type=\"widget\" data-widget_type=\"heading.default\">\n\t\t\t\t<div class=\"elementor-widget-container\">\n\t\t\t\t\t<h1 class=\"elementor-heading-title elementor-size-default\">MENU<\/h1>\t\t\t\t<\/div>\n\t\t\t\t<\/div>\n\t\t\t\t\t<\/div>\n\t\t<\/div>\n\t\t\t\t\t<\/div>\n\t\t<\/section>\n\t\t\t\t<section class=\"elementor-section elementor-top-section elementor-element elementor-element-05edaae elementor-section-height-min-height elementor-section-boxed elementor-section-height-default elementor-section-items-middle\" data-id=\"05edaae\" data-element_type=\"section\" data-settings=\"{&quot;background_background&quot;:&quot;classic&quot;}\">\n\t\t\t\t\t\t<div class=\"elementor-container elementor-column-gap-default\">\n\t\t\t\t\t<div class=\"elementor-column elementor-col-100 elementor-top-column elementor-element elementor-element-62583c7\" data-id=\"62583c7\" data-element_type=\"column\">\n\t\t\t<div class=\"elementor-widget-wrap elementor-element-populated\">\n\t\t\t\t\t\t<div class=\"elementor-element elementor-element-e2881e1 elementor-widget elementor-widget-image\" data-id=\"e2881e1\" data-element_type=\"widget\" data-widget_type=\"image.default\">\n\t\t\t\t<div class=\"elementor-widget-container\">\n\t\t\t\t\t\t\t\t\t\t\t\t\t\t\t<img fetchpriority=\"high\" decoding=\"async\" width=\"640\" height=\"453\" src=\"https:\/\/lvplayersclub.lv\/wp-content\/uploads\/2026\/02\/2.png\" class=\"attachment-medium_large size-medium_large wp-image-2457\" alt=\"\" srcset=\"https:\/\/lvplayersclub.lv\/wp-content\/uploads\/2026\/02\/2.png 2000w, https:\/\/lvplayersclub.lv\/wp-content\/uploads\/2026\/02\/2-300x212.png 300w, https:\/\/lvplayersclub.lv\/wp-content\/uploads\/2026\/02\/2-1024x724.png 1024w, https:\/\/lvplayersclub.lv\/wp-content\/uploads\/2026\/02\/2-768x543.png 768w, https:\/\/lvplayersclub.lv\/wp-content\/uploads\/2026\/02\/2-1536x1086.png 1536w, https:\/\/lvplayersclub.lv\/wp-content\/uploads\/2026\/02\/2-18x12.png 18w\" sizes=\"(max-width: 640px) 100vw, 640px\" \/>\t\t\t\t\t\t\t\t\t\t\t\t\t\t\t<\/div>\n\t\t\t\t<\/div>\n\t\t\t\t\t<\/div>\n\t\t<\/div>\n\t\t\t\t\t<\/div>\n\t\t<\/section>\n\t\t\t\t<section class=\"elementor-section elementor-top-section elementor-element elementor-element-8494e6f elementor-section-height-min-height elementor-section-boxed elementor-section-height-default elementor-section-items-middle\" data-id=\"8494e6f\" data-element_type=\"section\" data-settings=\"{&quot;background_background&quot;:&quot;classic&quot;}\">\n\t\t\t\t\t\t<div class=\"elementor-container elementor-column-gap-default\">\n\t\t\t\t\t<div class=\"elementor-column elementor-col-100 elementor-top-column elementor-element elementor-element-983c142\" data-id=\"983c142\" data-element_type=\"column\">\n\t\t\t<div class=\"elementor-widget-wrap elementor-element-populated\">\n\t\t\t\t\t\t<div class=\"elementor-element elementor-element-a027217 elementor-widget elementor-widget-image\" data-id=\"a027217\" data-element_type=\"widget\" data-widget_type=\"image.default\">\n\t\t\t\t<div class=\"elementor-widget-container\">\n\t\t\t\t\t\t\t\t\t\t\t\t<figure class=\"wp-caption\">\n\t\t\t\t\t\t\t\t\t\t<img decoding=\"async\" width=\"640\" height=\"908\" src=\"https:\/\/lvplayersclub.lv\/wp-content\/uploads\/2025\/02\/WhatsApp-Image-2025-02-24-at-12.21.06.jpeg\" class=\"attachment-medium_large size-medium_large wp-image-2123\" alt=\"\" srcset=\"https:\/\/lvplayersclub.lv\/wp-content\/uploads\/2025\/02\/WhatsApp-Image-2025-02-24-at-12.21.06.jpeg 1100w, https:\/\/lvplayersclub.lv\/wp-content\/uploads\/2025\/02\/WhatsApp-Image-2025-02-24-at-12.21.06-210x300.jpeg 210w, https:\/\/lvplayersclub.lv\/wp-content\/uploads\/2025\/02\/WhatsApp-Image-2025-02-24-at-12.21.06-718x1024.jpeg 718w, https:\/\/lvplayersclub.lv\/wp-content\/uploads\/2025\/02\/WhatsApp-Image-2025-02-24-at-12.21.06-768x1095.jpeg 768w, https:\/\/lvplayersclub.lv\/wp-content\/uploads\/2025\/02\/WhatsApp-Image-2025-02-24-at-12.21.06-1078x1536.jpeg 1078w, https:\/\/lvplayersclub.lv\/wp-content\/uploads\/2025\/02\/WhatsApp-Image-2025-02-24-at-12.21.06-8x12.jpeg 8w\" sizes=\"(max-width: 640px) 100vw, 640px\" \/>\t\t\t\t\t\t\t\t\t\t\t<figcaption class=\"widget-image-caption wp-caption-text\">Kr. Barona iela 31 Players Club<\/figcaption>\n\t\t\t\t\t\t\t\t\t\t<\/figure>\n\t\t\t\t\t\t\t\t\t<\/div>\n\t\t\t\t<\/div>\n\t\t\t\t\t<\/div>\n\t\t<\/div>\n\t\t\t\t\t<\/div>\n\t\t<\/section>\n\t\t\t\t<section class=\"elementor-section elementor-top-section elementor-element elementor-element-645d2f9 elementor-section-height-min-height elementor-section-boxed elementor-section-height-default elementor-section-items-middle\" data-id=\"645d2f9\" data-element_type=\"section\" data-settings=\"{&quot;background_background&quot;:&quot;classic&quot;}\">\n\t\t\t\t\t\t<div class=\"elementor-container elementor-column-gap-default\">\n\t\t\t\t\t<div class=\"elementor-column elementor-col-100 elementor-top-column elementor-element elementor-element-95abf94\" data-id=\"95abf94\" data-element_type=\"column\">\n\t\t\t<div class=\"elementor-widget-wrap elementor-element-populated\">\n\t\t\t\t\t\t<div class=\"elementor-element elementor-element-77a7345 elementor-widget elementor-widget-image\" data-id=\"77a7345\" data-element_type=\"widget\" data-widget_type=\"image.default\">\n\t\t\t\t<div class=\"elementor-widget-container\">\n\t\t\t\t\t\t\t\t\t\t\t\t<figure class=\"wp-caption\">\n\t\t\t\t\t\t\t\t\t\t<img decoding=\"async\" src=\"https:\/\/lvplayersclub.lv\/wp-content\/uploads\/2026\/02\/Pizza_Time_edienkarte_001-dragged-1.pdf\" title=\"\" alt=\"\" loading=\"lazy\" \/>\t\t\t\t\t\t\t\t\t\t\t<figcaption class=\"widget-image-caption wp-caption-text\">J\u0113kaba iela 3\/5 Players Club XL<\/figcaption>\n\t\t\t\t\t\t\t\t\t\t<\/figure>\n\t\t\t\t\t\t\t\t\t<\/div>\n\t\t\t\t<\/div>\n\t\t\t\t\t<\/div>\n\t\t<\/div>\n\t\t\t\t\t<\/div>\n\t\t<\/section>\n\t\t\t\t<\/div>","protected":false},"excerpt":{"rendered":"<p>\u0112DIENKARTE Kr. Barona iela 31 Players Club J\u0113kaba iela 3\/5 Players Club XL<\/p>","protected":false},"author":3,"featured_media":0,"parent":0,"menu_order":0,"comment_status":"closed","ping_status":"closed","template":"elementor_header_footer","meta":{"footnotes":""},"class_list":["post-2107","page","type-page","status-publish","hentry"],"acf":[],"yoast_head":"<!-- This site is optimized with the Yoast SEO plugin v24.6 - https:\/\/yoast.com\/wordpress\/plugins\/seo\/ -->\n<title>\u0112dienkarte | Players Club LV<\/title>\n<meta name=\"description\" content=\"Izp\u0113ti R\u012bgas Players Club \u0113dienkarti un izv\u0113lies no gard\u0101m uzkod\u0101m, \u0113dieniem un dz\u0113rieniem! Apmekl\u0113 m\u016bs un izbaudi lielisku malt\u012bti jautru aktivit\u0101\u0161u laik\u0101.\" \/>\n<meta name=\"robots\" content=\"index, follow, max-snippet:-1, max-image-preview:large, max-video-preview:-1\" \/>\n<link rel=\"canonical\" href=\"https:\/\/lvplayersclub.lv\/en\/edienkarte\/\" \/>\n<meta property=\"og:locale\" content=\"en_GB\" \/>\n<meta property=\"og:type\" content=\"article\" \/>\n<meta property=\"og:title\" content=\"\u0112dienkarte | Players Club LV\" \/>\n<meta property=\"og:description\" content=\"Izp\u0113ti R\u012bgas Players Club \u0113dienkarti un izv\u0113lies no gard\u0101m uzkod\u0101m, \u0113dieniem un dz\u0113rieniem! Apmekl\u0113 m\u016bs un izbaudi lielisku malt\u012bti jautru aktivit\u0101\u0161u laik\u0101.\" \/>\n<meta property=\"og:url\" content=\"https:\/\/lvplayersclub.lv\/en\/edienkarte\/\" \/>\n<meta property=\"og:site_name\" content=\"Players Club LV\" \/>\n<meta property=\"article:publisher\" content=\"https:\/\/www.facebook.com\/playersclublv\" \/>\n<meta property=\"article:modified_time\" content=\"2026-02-21T20:26:16+00:00\" \/>\n<meta property=\"og:image\" content=\"https:\/\/lvplayersclub.lv\/wp-content\/uploads\/2026\/02\/1.png\" \/>\n\t<meta property=\"og:image:width\" content=\"2000\" \/>\n\t<meta property=\"og:image:height\" content=\"1414\" \/>\n\t<meta property=\"og:image:type\" content=\"image\/png\" \/>\n<meta name=\"twitter:card\" content=\"summary_large_image\" \/>\n<meta name=\"twitter:label1\" content=\"Estimated reading time\" \/>\n\t<meta name=\"twitter:data1\" content=\"1 minute\" \/>\n<script type=\"application\/ld+json\" class=\"yoast-schema-graph\">{\"@context\":\"https:\/\/schema.org\",\"@graph\":[{\"@type\":\"WebPage\",\"@id\":\"https:\/\/lvplayersclub.lv\/edienkarte\/\",\"url\":\"https:\/\/lvplayersclub.lv\/edienkarte\/\",\"name\":\"\u0112dienkarte | Players Club LV\",\"isPartOf\":{\"@id\":\"https:\/\/lvplayersclub.lv\/en\/#website\"},\"primaryImageOfPage\":{\"@id\":\"https:\/\/lvplayersclub.lv\/edienkarte\/#primaryimage\"},\"image\":{\"@id\":\"https:\/\/lvplayersclub.lv\/edienkarte\/#primaryimage\"},\"thumbnailUrl\":\"https:\/\/lvplayersclub.lv\/wp-content\/uploads\/2026\/02\/1-768x543.png\",\"datePublished\":\"2025-02-23T19:02:54+00:00\",\"dateModified\":\"2026-02-21T20:26:16+00:00\",\"description\":\"Izp\u0113ti R\u012bgas Players Club \u0113dienkarti un izv\u0113lies no gard\u0101m uzkod\u0101m, \u0113dieniem un dz\u0113rieniem! Apmekl\u0113 m\u016bs un izbaudi lielisku malt\u012bti jautru aktivit\u0101\u0161u laik\u0101.\",\"breadcrumb\":{\"@id\":\"https:\/\/lvplayersclub.lv\/edienkarte\/#breadcrumb\"},\"inLanguage\":\"en-GB\",\"potentialAction\":[{\"@type\":\"ReadAction\",\"target\":[\"https:\/\/lvplayersclub.lv\/edienkarte\/\"]}]},{\"@type\":\"ImageObject\",\"inLanguage\":\"en-GB\",\"@id\":\"https:\/\/lvplayersclub.lv\/edienkarte\/#primaryimage\",\"url\":\"https:\/\/lvplayersclub.lv\/wp-content\/uploads\/2026\/02\/1-768x543.png\",\"contentUrl\":\"https:\/\/lvplayersclub.lv\/wp-content\/uploads\/2026\/02\/1-768x543.png\"},{\"@type\":\"BreadcrumbList\",\"@id\":\"https:\/\/lvplayersclub.lv\/edienkarte\/#breadcrumb\",\"itemListElement\":[{\"@type\":\"ListItem\",\"position\":1,\"name\":\"Home\",\"item\":\"https:\/\/lvplayersclub.lv\/\"},{\"@type\":\"ListItem\",\"position\":2,\"name\":\"\u0112dienkarte\"}]},{\"@type\":\"WebSite\",\"@id\":\"https:\/\/lvplayersclub.lv\/en\/#website\",\"url\":\"https:\/\/lvplayersclub.lv\/en\/\",\"name\":\"Players Club LV\",\"description\":\"LEVEL UP YOUR FUN\",\"publisher\":{\"@id\":\"https:\/\/lvplayersclub.lv\/en\/#organization\"},\"potentialAction\":[{\"@type\":\"SearchAction\",\"target\":{\"@type\":\"EntryPoint\",\"urlTemplate\":\"https:\/\/lvplayersclub.lv\/en\/?s={search_term_string}\"},\"query-input\":{\"@type\":\"PropertyValueSpecification\",\"valueRequired\":true,\"valueName\":\"search_term_string\"}}],\"inLanguage\":\"en-GB\"},{\"@type\":\"Organization\",\"@id\":\"https:\/\/lvplayersclub.lv\/en\/#organization\",\"name\":\"Players Club LV\",\"url\":\"https:\/\/lvplayersclub.lv\/en\/\",\"logo\":{\"@type\":\"ImageObject\",\"inLanguage\":\"en-GB\",\"@id\":\"https:\/\/lvplayersclub.lv\/en\/#\/schema\/logo\/image\/\",\"url\":\"https:\/\/lvplayersclub.lv\/wp-content\/uploads\/2024\/01\/402904778_122098336058123623_4201563738749174389_n.jpg\",\"contentUrl\":\"https:\/\/lvplayersclub.lv\/wp-content\/uploads\/2024\/01\/402904778_122098336058123623_4201563738749174389_n.jpg\",\"width\":1924,\"height\":1783,\"caption\":\"Players Club LV\"},\"image\":{\"@id\":\"https:\/\/lvplayersclub.lv\/en\/#\/schema\/logo\/image\/\"},\"sameAs\":[\"https:\/\/www.facebook.com\/playersclublv\",\"https:\/\/www.instagram.com\/players_club_lv\/\",\"https:\/\/www.tiktok.com\/@playersclub_lv\"]}]}<\/script>\n<!-- \/ Yoast SEO plugin. -->","yoast_head_json":{"title":"\u0112dienkarte | Players Club LV","description":"Izp\u0113ti R\u012bgas Players Club \u0113dienkarti un izv\u0113lies no gard\u0101m uzkod\u0101m, \u0113dieniem un dz\u0113rieniem! Apmekl\u0113 m\u016bs un izbaudi lielisku malt\u012bti jautru aktivit\u0101\u0161u laik\u0101.","robots":{"index":"index","follow":"follow","max-snippet":"max-snippet:-1","max-image-preview":"max-image-preview:large","max-video-preview":"max-video-preview:-1"},"canonical":"https:\/\/lvplayersclub.lv\/en\/edienkarte\/","og_locale":"en_GB","og_type":"article","og_title":"\u0112dienkarte | Players Club LV","og_description":"Izp\u0113ti R\u012bgas Players Club \u0113dienkarti un izv\u0113lies no gard\u0101m uzkod\u0101m, \u0113dieniem un dz\u0113rieniem! Apmekl\u0113 m\u016bs un izbaudi lielisku malt\u012bti jautru aktivit\u0101\u0161u laik\u0101.","og_url":"https:\/\/lvplayersclub.lv\/en\/edienkarte\/","og_site_name":"Players Club LV","article_publisher":"https:\/\/www.facebook.com\/playersclublv","article_modified_time":"2026-02-21T20:26:16+00:00","og_image":[{"width":2000,"height":1414,"url":"https:\/\/lvplayersclub.lv\/wp-content\/uploads\/2026\/02\/1.png","type":"image\/png"}],"twitter_card":"summary_large_image","twitter_misc":{"Estimated reading time":"1 minute"},"schema":{"@context":"https:\/\/schema.org","@graph":[{"@type":"WebPage","@id":"https:\/\/lvplayersclub.lv\/edienkarte\/","url":"https:\/\/lvplayersclub.lv\/edienkarte\/","name":"\u0112dienkarte | Players Club LV","isPartOf":{"@id":"https:\/\/lvplayersclub.lv\/en\/#website"},"primaryImageOfPage":{"@id":"https:\/\/lvplayersclub.lv\/edienkarte\/#primaryimage"},"image":{"@id":"https:\/\/lvplayersclub.lv\/edienkarte\/#primaryimage"},"thumbnailUrl":"https:\/\/lvplayersclub.lv\/wp-content\/uploads\/2026\/02\/1-768x543.png","datePublished":"2025-02-23T19:02:54+00:00","dateModified":"2026-02-21T20:26:16+00:00","description":"Izp\u0113ti R\u012bgas Players Club \u0113dienkarti un izv\u0113lies no gard\u0101m uzkod\u0101m, \u0113dieniem un dz\u0113rieniem! Apmekl\u0113 m\u016bs un izbaudi lielisku malt\u012bti jautru aktivit\u0101\u0161u laik\u0101.","breadcrumb":{"@id":"https:\/\/lvplayersclub.lv\/edienkarte\/#breadcrumb"},"inLanguage":"en-GB","potentialAction":[{"@type":"ReadAction","target":["https:\/\/lvplayersclub.lv\/edienkarte\/"]}]},{"@type":"ImageObject","inLanguage":"en-GB","@id":"https:\/\/lvplayersclub.lv\/edienkarte\/#primaryimage","url":"https:\/\/lvplayersclub.lv\/wp-content\/uploads\/2026\/02\/1-768x543.png","contentUrl":"https:\/\/lvplayersclub.lv\/wp-content\/uploads\/2026\/02\/1-768x543.png"},{"@type":"BreadcrumbList","@id":"https:\/\/lvplayersclub.lv\/edienkarte\/#breadcrumb","itemListElement":[{"@type":"ListItem","position":1,"name":"Home","item":"https:\/\/lvplayersclub.lv\/"},{"@type":"ListItem","position":2,"name":"\u0112dienkarte"}]},{"@type":"WebSite","@id":"https:\/\/lvplayersclub.lv\/en\/#website","url":"https:\/\/lvplayersclub.lv\/en\/","name":"Players Club LV","description":"LEVEL UP YOUR FUN","publisher":{"@id":"https:\/\/lvplayersclub.lv\/en\/#organization"},"potentialAction":[{"@type":"SearchAction","target":{"@type":"EntryPoint","urlTemplate":"https:\/\/lvplayersclub.lv\/en\/?s={search_term_string}"},"query-input":{"@type":"PropertyValueSpecification","valueRequired":true,"valueName":"search_term_string"}}],"inLanguage":"en-GB"},{"@type":"Organization","@id":"https:\/\/lvplayersclub.lv\/en\/#organization","name":"Players Club LV","url":"https:\/\/lvplayersclub.lv\/en\/","logo":{"@type":"ImageObject","inLanguage":"en-GB","@id":"https:\/\/lvplayersclub.lv\/en\/#\/schema\/logo\/image\/","url":"https:\/\/lvplayersclub.lv\/wp-content\/uploads\/2024\/01\/402904778_122098336058123623_4201563738749174389_n.jpg","contentUrl":"https:\/\/lvplayersclub.lv\/wp-content\/uploads\/2024\/01\/402904778_122098336058123623_4201563738749174389_n.jpg","width":1924,"height":1783,"caption":"Players Club LV"},"image":{"@id":"https:\/\/lvplayersclub.lv\/en\/#\/schema\/logo\/image\/"},"sameAs":["https:\/\/www.facebook.com\/playersclublv","https:\/\/www.instagram.com\/players_club_lv\/","https:\/\/www.tiktok.com\/@playersclub_lv"]}]}},"_links":{"self":[{"href":"https:\/\/lvplayersclub.lv\/en\/wp-json\/wp\/v2\/pages\/2107","targetHints":{"allow":["GET"]}}],"collection":[{"href":"https:\/\/lvplayersclub.lv\/en\/wp-json\/wp\/v2\/pages"}],"about":[{"href":"https:\/\/lvplayersclub.lv\/en\/wp-json\/wp\/v2\/types\/page"}],"author":[{"embeddable":true,"href":"https:\/\/lvplayersclub.lv\/en\/wp-json\/wp\/v2\/users\/3"}],"replies":[{"embeddable":true,"href":"https:\/\/lvplayersclub.lv\/en\/wp-json\/wp\/v2\/comments?post=2107"}],"version-history":[{"count":26,"href":"https:\/\/lvplayersclub.lv\/en\/wp-json\/wp\/v2\/pages\/2107\/revisions"}],"predecessor-version":[{"id":2471,"href":"https:\/\/lvplayersclub.lv\/en\/wp-json\/wp\/v2\/pages\/2107\/revisions\/2471"}],"wp:attachment":[{"href":"https:\/\/lvplayersclub.lv\/en\/wp-json\/wp\/v2\/media?parent=2107"}],"curies":[{"name":"wp","href":"https:\/\/api.w.org\/{rel}","templated":true}]}}