{"id":1133,"date":"2018-09-04T16:49:56","date_gmt":"2018-09-04T16:49:56","guid":{"rendered":"http:\/\/escapium-wp.dan-fisher.com\/?page_id=16"},"modified":"2025-03-21T11:12:16","modified_gmt":"2025-03-21T11:12:16","slug":"par-autoru","status":"publish","type":"page","link":"https:\/\/lvplayersclub.lv\/en\/par-autoru\/","title":{"rendered":"About Us"},"content":{"rendered":"<div data-elementor-type=\"wp-post\" data-elementor-id=\"1133\" class=\"elementor elementor-1133\" data-elementor-post-type=\"page\">\n\t\t\t\t\t\t<section class=\"elementor-section elementor-top-section elementor-element elementor-element-05edaae elementor-section-height-min-height elementor-section-boxed elementor-section-height-default elementor-section-items-middle\" data-id=\"05edaae\" data-element_type=\"section\" data-settings=\"{&quot;background_background&quot;:&quot;classic&quot;}\">\n\t\t\t\t\t\t<div class=\"elementor-container elementor-column-gap-default\">\n\t\t\t\t\t<div class=\"elementor-column elementor-col-100 elementor-top-column elementor-element elementor-element-62583c7\" data-id=\"62583c7\" data-element_type=\"column\">\n\t\t\t<div class=\"elementor-widget-wrap elementor-element-populated\">\n\t\t\t\t\t\t<div class=\"elementor-element elementor-element-e2881e1 elementor-widget elementor-widget-image\" data-id=\"e2881e1\" data-element_type=\"widget\" data-widget_type=\"image.default\">\n\t\t\t\t<div class=\"elementor-widget-container\">\n\t\t\t\t\t\t\t\t\t\t\t\t\t\t\t<img fetchpriority=\"high\" decoding=\"async\" width=\"640\" height=\"427\" src=\"https:\/\/lvplayersclub.lv\/wp-content\/uploads\/2024\/10\/021-Players-Club-Foto-Maris-Lazdans-PHOTORED-0074-768x512.jpg\" class=\"attachment-medium_large size-medium_large wp-image-1933\" alt=\"\" srcset=\"https:\/\/lvplayersclub.lv\/wp-content\/uploads\/2024\/10\/021-Players-Club-Foto-Maris-Lazdans-PHOTORED-0074-768x512.jpg 768w, https:\/\/lvplayersclub.lv\/wp-content\/uploads\/2024\/10\/021-Players-Club-Foto-Maris-Lazdans-PHOTORED-0074-300x200.jpg 300w, https:\/\/lvplayersclub.lv\/wp-content\/uploads\/2024\/10\/021-Players-Club-Foto-Maris-Lazdans-PHOTORED-0074-1024x683.jpg 1024w, https:\/\/lvplayersclub.lv\/wp-content\/uploads\/2024\/10\/021-Players-Club-Foto-Maris-Lazdans-PHOTORED-0074-1536x1024.jpg 1536w, https:\/\/lvplayersclub.lv\/wp-content\/uploads\/2024\/10\/021-Players-Club-Foto-Maris-Lazdans-PHOTORED-0074-18x12.jpg 18w, https:\/\/lvplayersclub.lv\/wp-content\/uploads\/2024\/10\/021-Players-Club-Foto-Maris-Lazdans-PHOTORED-0074.jpg 2048w\" sizes=\"(max-width: 640px) 100vw, 640px\" \/>\t\t\t\t\t\t\t\t\t\t\t\t\t\t\t<\/div>\n\t\t\t\t<\/div>\n\t\t\t\t\t<\/div>\n\t\t<\/div>\n\t\t\t\t\t<\/div>\n\t\t<\/section>\n\t\t<div class=\"elementor-element elementor-element-2f50bad e-flex e-con-boxed e-con e-parent\" data-id=\"2f50bad\" data-element_type=\"container\">\n\t\t\t\t\t<div class=\"e-con-inner\">\n\t\t<div class=\"elementor-element elementor-element-050ae90 e-con-full e-flex e-con e-child\" data-id=\"050ae90\" data-element_type=\"container\">\n\t\t\t\t<div class=\"elementor-element elementor-element-79e45c0 elementor-widget elementor-widget-text-editor\" data-id=\"79e45c0\" data-element_type=\"widget\" data-widget_type=\"text-editor.default\">\n\t\t\t\t<div class=\"elementor-widget-container\">\n\t\t\t\t\t\t\t\t\t<h2>Roberts Lejnieks<\/h2><p style=\"line-height: 100%; margin-bottom: 0cm; text-align: justify;\">P\u0113c vidusskolas pabeig\u0161anas, zin\u0101ju, ka sports man\u0101 dz\u012bv\u0113 b\u016bs liela sast\u0101vda\u013ca, t\u0101p\u0113c izv\u0113l\u0113jos s\u0101kt studijas skol\u0101 LSPA par fizioterapeitu. P\u0113c studiju pabeig\u0161anas sapratu, ka v\u0113los, ko vair\u0101k un aizbraucu dz\u012bvot gadu uz Jaunz\u0113landi. Tas bija ar izaicin\u0101jumiem pilns, str\u0101d\u0101ju 10 da\u017e\u0101dos darbos un vien\u0101 no tiem iepazinos ar kapteini no superjaht\u0101m. Vi\u0146\u0161 iepaz\u012bstin\u0101ja mani ar superjahtu industriju un sapratu, ka \u201ctur redzu sevi\u201d. Kur es ar\u012b nok\u013cuvu un tur str\u0101d\u0101ju par fizioterapeitu. P\u0113c 3 gadiem industrij\u0101, izdom\u0101ju, ka ir laiks atgriezties Latvij\u0101 un izveidot savu biznesu. Par cik, man vienm\u0113r ir paticis sports un ball\u012btes, zin\u0101ju, ka j\u0101taisa kaut kas saist\u012bb\u0101 ar to. Satikos ar Kristapu, run\u0101j\u0101m un apvienojot m\u016bsu l\u012bdz\u012bgo dom\u0101\u0161anu, non\u0101c\u0101m pie idejas par \u201cPlayers club\u201d, kuru J\u016bs redzat \u0161odien. T\u0101p\u0113c gaid\u0101m J\u016bs R\u012bg\u0101\u00a0<a href=\"https:\/\/maps.app.goo.gl\/5dGYJ7GaaM2b2dCu6\" target=\"_blank\" rel=\"noopener\">Kri\u0161j\u0101\u0146a Barona iel\u0101 31<\/a> vai Vecr\u012bga <a href=\"https:\/\/maps.app.goo.gl\/91K1tuqGTbb3XVUd9\" target=\"_blank\" rel=\"noopener\">J\u0113kaba iela 3-5<\/a> uz sportisku un jautri pavad\u012btu laiku.<\/p>\t\t\t\t\t\t\t\t<\/div>\n\t\t\t\t<\/div>\n\t\t\t\t<\/div>\n\t\t<div class=\"elementor-element elementor-element-1cb94e6 e-con-full e-flex e-con e-child\" data-id=\"1cb94e6\" data-element_type=\"container\">\n\t\t\t\t<div class=\"elementor-element elementor-element-23d5944 elementor-widget elementor-widget-text-editor\" data-id=\"23d5944\" data-element_type=\"widget\" data-widget_type=\"text-editor.default\">\n\t\t\t\t<div class=\"elementor-widget-container\">\n\t\t\t\t\t\t\t\t\t<h2>Kristaps Irbe<\/h2><p style=\"line-height: 100%; margin-bottom: 0cm; text-align: justify;\">Vienm\u0113r esmu zin\u0101jis, ka v\u0113los savu uz\u0146\u0113mumu. Gatavo\u0161an\u0101s \u0161im br\u012bdim aiz\u0146\u0113ma man vair\u0101k k\u0101 10 gadus.<br \/>\u0160o laiku pavad\u012bju m\u0101coties, izm\u0113\u0123inot jaunas lietas un g\u016bstot pieredzi visda\u017e\u0101d\u0101kaj\u0101s jom\u0101s &#8211; s\u0101kot ar celtniec\u012bbu un beidzot ar tirdzniec\u012bbu.<br \/>10 gadus pavadot \u0101rzem\u0113s, biju sailgojies p\u0113c m\u0101j\u0101m.&#8217; Veiksm\u012bgas sakrit\u012bbas p\u0113c ar\u012b Roberts bija atgriezies.<br \/>Abi bij\u0101m gatavi izaicin\u0101jumam.<br \/>Akt\u012bvi, interesanti un jautri pavad\u012bt laiku pat\u012bk ikvienam. T\u0101d\u0113\u013c apvienojot m\u016bsu idejas, liekot liet\u0101 zin\u0101\u0161anas un pieredzi rad\u012bj\u0101m \u201cPlayers Club\u201d.<br \/>B\u016bsim priec\u012bgi J\u016bs redz\u0113t m\u016bsu izklai\u017eu klub\u0101 <a href=\"https:\/\/maps.app.goo.gl\/5dGYJ7GaaM2b2dCu6\" target=\"_blank\" rel=\"noopener\">Kri\u0161j\u0101\u0146a Barona iel\u0101 31<\/a> vai Vecr\u012bga <a href=\"https:\/\/maps.app.goo.gl\/91K1tuqGTbb3XVUd9\" target=\"_blank\" rel=\"noopener\">J\u0113kaba iela 3-5<\/a>.<br \/>Uz tik\u0161anos \u201cPlayers Club\u201d!<\/p>\t\t\t\t\t\t\t\t<\/div>\n\t\t\t\t<\/div>\n\t\t\t\t<\/div>\n\t\t\t\t\t<\/div>\n\t\t\t\t<\/div>\n\t\t\t\t<\/div>","protected":false},"excerpt":{"rendered":"<p>Roberts Lejnieks P\u0113c vidusskolas pabeig\u0161anas, zin\u0101ju, ka sports man\u0101 dz\u012bv\u0113 b\u016bs liela sast\u0101vda\u013ca, t\u0101p\u0113c izv\u0113l\u0113jos s\u0101kt studijas skol\u0101 LSPA par fizioterapeitu. P\u0113c studiju pabeig\u0161anas sapratu, ka v\u0113los, ko vair\u0101k un aizbraucu dz\u012bvot gadu uz Jaunz\u0113landi. Tas bija ar izaicin\u0101jumiem pilns, str\u0101d\u0101ju 10 da\u017e\u0101dos darbos un vien\u0101 no tiem iepazinos ar kapteini no superjaht\u0101m. Vi\u0146\u0161 iepaz\u012bstin\u0101ja [&hellip;]<\/p>","protected":false},"author":1,"featured_media":0,"parent":0,"menu_order":0,"comment_status":"closed","ping_status":"closed","template":"elementor_header_footer","meta":{"footnotes":""},"class_list":["post-1133","page","type-page","status-publish","hentry"],"acf":[],"yoast_head":"<!-- This site is optimized with the Yoast SEO plugin v24.6 - https:\/\/yoast.com\/wordpress\/plugins\/seo\/ -->\n<title>Par idejas autoriem | Players Club LV<\/title>\n<meta name=\"description\" content=\"Uzzini vair\u0101k par Players Club idejas autoriem \u2013 Roberts un Kristaps dal\u0101s sav\u0101 ce\u013cojum\u0101 un uz\u0146\u0113muma rad\u012b\u0161an\u0101.\" \/>\n<meta name=\"robots\" content=\"index, follow, max-snippet:-1, max-image-preview:large, max-video-preview:-1\" \/>\n<link rel=\"canonical\" href=\"https:\/\/lvplayersclub.lv\/en\/par-autoru\/\" \/>\n<meta property=\"og:locale\" content=\"en_GB\" \/>\n<meta property=\"og:type\" content=\"article\" \/>\n<meta property=\"og:title\" content=\"Par idejas autoriem | Players Club LV\" \/>\n<meta property=\"og:description\" content=\"Uzzini vair\u0101k par Players Club idejas autoriem \u2013 Roberts un Kristaps dal\u0101s sav\u0101 ce\u013cojum\u0101 un uz\u0146\u0113muma rad\u012b\u0161an\u0101.\" \/>\n<meta property=\"og:url\" content=\"https:\/\/lvplayersclub.lv\/en\/par-autoru\/\" \/>\n<meta property=\"og:site_name\" content=\"Players Club LV\" \/>\n<meta property=\"article:publisher\" content=\"https:\/\/www.facebook.com\/playersclublv\" \/>\n<meta property=\"article:modified_time\" content=\"2025-03-21T11:12:16+00:00\" \/>\n<meta property=\"og:image\" content=\"https:\/\/lvplayersclub.lv\/wp-content\/uploads\/2024\/10\/021-Players-Club-Foto-Maris-Lazdans-PHOTORED-0074.jpg\" \/>\n\t<meta property=\"og:image:width\" content=\"2048\" \/>\n\t<meta property=\"og:image:height\" content=\"1365\" \/>\n\t<meta property=\"og:image:type\" content=\"image\/jpeg\" \/>\n<meta name=\"twitter:card\" content=\"summary_large_image\" \/>\n<meta name=\"twitter:label1\" content=\"Estimated reading time\" \/>\n\t<meta name=\"twitter:data1\" content=\"2 minutes\" \/>\n<script type=\"application\/ld+json\" class=\"yoast-schema-graph\">{\"@context\":\"https:\/\/schema.org\",\"@graph\":[{\"@type\":\"WebPage\",\"@id\":\"https:\/\/lvplayersclub.lv\/par-autoru\/\",\"url\":\"https:\/\/lvplayersclub.lv\/par-autoru\/\",\"name\":\"Par idejas autoriem | Players Club LV\",\"isPartOf\":{\"@id\":\"https:\/\/lvplayersclub.lv\/en\/#website\"},\"primaryImageOfPage\":{\"@id\":\"https:\/\/lvplayersclub.lv\/par-autoru\/#primaryimage\"},\"image\":{\"@id\":\"https:\/\/lvplayersclub.lv\/par-autoru\/#primaryimage\"},\"thumbnailUrl\":\"https:\/\/lvplayersclub.lv\/wp-content\/uploads\/2024\/10\/021-Players-Club-Foto-Maris-Lazdans-PHOTORED-0074-768x512.jpg\",\"datePublished\":\"2018-09-04T16:49:56+00:00\",\"dateModified\":\"2025-03-21T11:12:16+00:00\",\"description\":\"Uzzini vair\u0101k par Players Club idejas autoriem \u2013 Roberts un Kristaps dal\u0101s sav\u0101 ce\u013cojum\u0101 un uz\u0146\u0113muma rad\u012b\u0161an\u0101.\",\"breadcrumb\":{\"@id\":\"https:\/\/lvplayersclub.lv\/par-autoru\/#breadcrumb\"},\"inLanguage\":\"en-GB\",\"potentialAction\":[{\"@type\":\"ReadAction\",\"target\":[\"https:\/\/lvplayersclub.lv\/par-autoru\/\"]}]},{\"@type\":\"ImageObject\",\"inLanguage\":\"en-GB\",\"@id\":\"https:\/\/lvplayersclub.lv\/par-autoru\/#primaryimage\",\"url\":\"https:\/\/lvplayersclub.lv\/wp-content\/uploads\/2024\/10\/021-Players-Club-Foto-Maris-Lazdans-PHOTORED-0074-768x512.jpg\",\"contentUrl\":\"https:\/\/lvplayersclub.lv\/wp-content\/uploads\/2024\/10\/021-Players-Club-Foto-Maris-Lazdans-PHOTORED-0074-768x512.jpg\"},{\"@type\":\"BreadcrumbList\",\"@id\":\"https:\/\/lvplayersclub.lv\/par-autoru\/#breadcrumb\",\"itemListElement\":[{\"@type\":\"ListItem\",\"position\":1,\"name\":\"Home\",\"item\":\"https:\/\/lvplayersclub.lv\/\"},{\"@type\":\"ListItem\",\"position\":2,\"name\":\"Idejas autori\"}]},{\"@type\":\"WebSite\",\"@id\":\"https:\/\/lvplayersclub.lv\/en\/#website\",\"url\":\"https:\/\/lvplayersclub.lv\/en\/\",\"name\":\"Players Club LV\",\"description\":\"LEVEL UP YOUR FUN\",\"publisher\":{\"@id\":\"https:\/\/lvplayersclub.lv\/en\/#organization\"},\"potentialAction\":[{\"@type\":\"SearchAction\",\"target\":{\"@type\":\"EntryPoint\",\"urlTemplate\":\"https:\/\/lvplayersclub.lv\/en\/?s={search_term_string}\"},\"query-input\":{\"@type\":\"PropertyValueSpecification\",\"valueRequired\":true,\"valueName\":\"search_term_string\"}}],\"inLanguage\":\"en-GB\"},{\"@type\":\"Organization\",\"@id\":\"https:\/\/lvplayersclub.lv\/en\/#organization\",\"name\":\"Players Club LV\",\"url\":\"https:\/\/lvplayersclub.lv\/en\/\",\"logo\":{\"@type\":\"ImageObject\",\"inLanguage\":\"en-GB\",\"@id\":\"https:\/\/lvplayersclub.lv\/en\/#\/schema\/logo\/image\/\",\"url\":\"https:\/\/lvplayersclub.lv\/wp-content\/uploads\/2024\/01\/402904778_122098336058123623_4201563738749174389_n.jpg\",\"contentUrl\":\"https:\/\/lvplayersclub.lv\/wp-content\/uploads\/2024\/01\/402904778_122098336058123623_4201563738749174389_n.jpg\",\"width\":1924,\"height\":1783,\"caption\":\"Players Club LV\"},\"image\":{\"@id\":\"https:\/\/lvplayersclub.lv\/en\/#\/schema\/logo\/image\/\"},\"sameAs\":[\"https:\/\/www.facebook.com\/playersclublv\",\"https:\/\/www.instagram.com\/players_club_lv\/\",\"https:\/\/www.tiktok.com\/@playersclub_lv\"]}]}<\/script>\n<!-- \/ Yoast SEO plugin. -->","yoast_head_json":{"title":"Par idejas autoriem | Players Club LV","description":"Uzzini vair\u0101k par Players Club idejas autoriem \u2013 Roberts un Kristaps dal\u0101s sav\u0101 ce\u013cojum\u0101 un uz\u0146\u0113muma rad\u012b\u0161an\u0101.","robots":{"index":"index","follow":"follow","max-snippet":"max-snippet:-1","max-image-preview":"max-image-preview:large","max-video-preview":"max-video-preview:-1"},"canonical":"https:\/\/lvplayersclub.lv\/en\/par-autoru\/","og_locale":"en_GB","og_type":"article","og_title":"Par idejas autoriem | Players Club LV","og_description":"Uzzini vair\u0101k par Players Club idejas autoriem \u2013 Roberts un Kristaps dal\u0101s sav\u0101 ce\u013cojum\u0101 un uz\u0146\u0113muma rad\u012b\u0161an\u0101.","og_url":"https:\/\/lvplayersclub.lv\/en\/par-autoru\/","og_site_name":"Players Club LV","article_publisher":"https:\/\/www.facebook.com\/playersclublv","article_modified_time":"2025-03-21T11:12:16+00:00","og_image":[{"width":2048,"height":1365,"url":"https:\/\/lvplayersclub.lv\/wp-content\/uploads\/2024\/10\/021-Players-Club-Foto-Maris-Lazdans-PHOTORED-0074.jpg","type":"image\/jpeg"}],"twitter_card":"summary_large_image","twitter_misc":{"Estimated reading time":"2 minutes"},"schema":{"@context":"https:\/\/schema.org","@graph":[{"@type":"WebPage","@id":"https:\/\/lvplayersclub.lv\/par-autoru\/","url":"https:\/\/lvplayersclub.lv\/par-autoru\/","name":"Par idejas autoriem | Players Club LV","isPartOf":{"@id":"https:\/\/lvplayersclub.lv\/en\/#website"},"primaryImageOfPage":{"@id":"https:\/\/lvplayersclub.lv\/par-autoru\/#primaryimage"},"image":{"@id":"https:\/\/lvplayersclub.lv\/par-autoru\/#primaryimage"},"thumbnailUrl":"https:\/\/lvplayersclub.lv\/wp-content\/uploads\/2024\/10\/021-Players-Club-Foto-Maris-Lazdans-PHOTORED-0074-768x512.jpg","datePublished":"2018-09-04T16:49:56+00:00","dateModified":"2025-03-21T11:12:16+00:00","description":"Uzzini vair\u0101k par Players Club idejas autoriem \u2013 Roberts un Kristaps dal\u0101s sav\u0101 ce\u013cojum\u0101 un uz\u0146\u0113muma rad\u012b\u0161an\u0101.","breadcrumb":{"@id":"https:\/\/lvplayersclub.lv\/par-autoru\/#breadcrumb"},"inLanguage":"en-GB","potentialAction":[{"@type":"ReadAction","target":["https:\/\/lvplayersclub.lv\/par-autoru\/"]}]},{"@type":"ImageObject","inLanguage":"en-GB","@id":"https:\/\/lvplayersclub.lv\/par-autoru\/#primaryimage","url":"https:\/\/lvplayersclub.lv\/wp-content\/uploads\/2024\/10\/021-Players-Club-Foto-Maris-Lazdans-PHOTORED-0074-768x512.jpg","contentUrl":"https:\/\/lvplayersclub.lv\/wp-content\/uploads\/2024\/10\/021-Players-Club-Foto-Maris-Lazdans-PHOTORED-0074-768x512.jpg"},{"@type":"BreadcrumbList","@id":"https:\/\/lvplayersclub.lv\/par-autoru\/#breadcrumb","itemListElement":[{"@type":"ListItem","position":1,"name":"Home","item":"https:\/\/lvplayersclub.lv\/"},{"@type":"ListItem","position":2,"name":"Idejas autori"}]},{"@type":"WebSite","@id":"https:\/\/lvplayersclub.lv\/en\/#website","url":"https:\/\/lvplayersclub.lv\/en\/","name":"Players Club LV","description":"LEVEL UP YOUR FUN","publisher":{"@id":"https:\/\/lvplayersclub.lv\/en\/#organization"},"potentialAction":[{"@type":"SearchAction","target":{"@type":"EntryPoint","urlTemplate":"https:\/\/lvplayersclub.lv\/en\/?s={search_term_string}"},"query-input":{"@type":"PropertyValueSpecification","valueRequired":true,"valueName":"search_term_string"}}],"inLanguage":"en-GB"},{"@type":"Organization","@id":"https:\/\/lvplayersclub.lv\/en\/#organization","name":"Players Club LV","url":"https:\/\/lvplayersclub.lv\/en\/","logo":{"@type":"ImageObject","inLanguage":"en-GB","@id":"https:\/\/lvplayersclub.lv\/en\/#\/schema\/logo\/image\/","url":"https:\/\/lvplayersclub.lv\/wp-content\/uploads\/2024\/01\/402904778_122098336058123623_4201563738749174389_n.jpg","contentUrl":"https:\/\/lvplayersclub.lv\/wp-content\/uploads\/2024\/01\/402904778_122098336058123623_4201563738749174389_n.jpg","width":1924,"height":1783,"caption":"Players Club LV"},"image":{"@id":"https:\/\/lvplayersclub.lv\/en\/#\/schema\/logo\/image\/"},"sameAs":["https:\/\/www.facebook.com\/playersclublv","https:\/\/www.instagram.com\/players_club_lv\/","https:\/\/www.tiktok.com\/@playersclub_lv"]}]}},"_links":{"self":[{"href":"https:\/\/lvplayersclub.lv\/en\/wp-json\/wp\/v2\/pages\/1133","targetHints":{"allow":["GET"]}}],"collection":[{"href":"https:\/\/lvplayersclub.lv\/en\/wp-json\/wp\/v2\/pages"}],"about":[{"href":"https:\/\/lvplayersclub.lv\/en\/wp-json\/wp\/v2\/types\/page"}],"author":[{"embeddable":true,"href":"https:\/\/lvplayersclub.lv\/en\/wp-json\/wp\/v2\/users\/1"}],"replies":[{"embeddable":true,"href":"https:\/\/lvplayersclub.lv\/en\/wp-json\/wp\/v2\/comments?post=1133"}],"version-history":[{"count":33,"href":"https:\/\/lvplayersclub.lv\/en\/wp-json\/wp\/v2\/pages\/1133\/revisions"}],"predecessor-version":[{"id":2300,"href":"https:\/\/lvplayersclub.lv\/en\/wp-json\/wp\/v2\/pages\/1133\/revisions\/2300"}],"wp:attachment":[{"href":"https:\/\/lvplayersclub.lv\/en\/wp-json\/wp\/v2\/media?parent=1133"}],"curies":[{"name":"wp","href":"https:\/\/api.w.org\/{rel}","templated":true}]}}